{"id":7576,"date":"2023-10-31T09:28:54","date_gmt":"2023-10-31T09:28:54","guid":{"rendered":"https:\/\/softskinshop.net\/?post_type=product&#038;p=7576"},"modified":"2025-07-21T13:47:06","modified_gmt":"2025-07-21T13:47:06","slug":"salmon-peptide-nutrition-eye-cream","status":"publish","type":"product","link":"https:\/\/softskinshop.net\/lv\/shop\/all-products\/salmon-peptide-nutrition-eye-cream\/","title":{"rendered":"Acu kr\u0113ms ar la\u0161iem un pept\u012bdiem"},"content":{"rendered":"<p>Atjaunojo\u0161s acu kr\u0113ms, kas bag\u0101tin\u0101ts ar la\u0161a e\u013c\u013cu, pept\u012bdiem, niacinam\u012bdu un E vitam\u012bnu. Tas efekt\u012bvi mazina noveco\u0161an\u0101s paz\u012bmes, piem\u0113ram, smalkas l\u012bnijas un grumbas, un nodro\u0161ina intens\u012bvu mitrin\u0101\u0161anu. La\u0161a e\u013c\u013ca baro un atdz\u012bvina \u0101du, bet pept\u012bdu komplekss veicina kolag\u0113na veido\u0161anos, padarot \u0101du tvirt\u0101ku. Turkl\u0101t tas izgaismo acu zonu zem ac\u012bm, mazinot tum\u0161os lokus un pie\u0161\u0137irot svaig\u0101ku izskatu. Pateicoties bag\u0101t\u012bgajai, bet nemazgojo\u0161ajai tekst\u016brai, kr\u0113ms ir piem\u0113rots visiem \u0101das tipiem, un to var maigi uzkl\u0101t ap ac\u012bm gan no r\u012bta, gan vakar\u0101. \u0160is acu kr\u0113ms ir ide\u0101li piem\u0113rots tiem, kas v\u0113las \u012bpa\u0161i piev\u0113rsties jut\u012bgai acu zonai un atjaunot t\u0101s \u0101du.<\/p>\n<ul>\n<li>Bez parab\u0113niem<\/li>\n<li>Bez sulf\u0101tu<\/li>\n<li>Bez alkohola<\/li>\n<\/ul>","protected":false},"excerpt":{"rendered":"<p>Atjaunojo\u0161s acu kr\u0113ms, kas bag\u0101tin\u0101ts ar la\u0161a e\u013c\u013cu, pept\u012bdiem, niacinam\u012bdu un E vitam\u012bnu. Tas efekt\u012bvi mazina noveco\u0161an\u0101s paz\u012bmes, piem\u0113ram, smalkas l\u012bnijas un grumbas, un nodro\u0161ina intens\u012bvu mitrin\u0101\u0161anu. La\u0161a e\u013c\u013ca baro un atdz\u012bvina \u0101du, bet pept\u012bdu komplekss veicina kolag\u0113na veido\u0161anos, padarot \u0101du tvirt\u0101ku. Turkl\u0101t tas izgaismo acu zonu zem ac\u012bm, mazinot tum\u0161os lokus un pie\u0161\u0137irot svaig\u0101ku izskatu. Pateicoties bag\u0101t\u012bgajai, bet nemazgojo\u0161ajai tekst\u016brai, kr\u0113ms ir piem\u0113rots visiem \u0101das tipiem, un to var maigi uzkl\u0101t ap ac\u012bm gan no r\u012bta, gan vakar\u0101. \u0160is acu kr\u0113ms ir ide\u0101li piem\u0113rots tiem, kas v\u0113las \u012bpa\u0161i piev\u0113rsties jut\u012bgai acu zonai un atjaunot t\u0101s \u0101du.<\/p>\n<ul>\n<li>Bez parab\u0113niem<\/li>\n<li>Bez sulf\u0101tu<\/li>\n<li>Bez alkohola<\/li>\n<\/ul>\n<p>Sast\u0101vda\u013cas:<br \/>\n\u016adens, glicer\u012bns, dipropil\u0113nglikols, dimetikons, beta\u012bns, 1,2-heksandiols, niac\u012bnam\u012bds, cetearilspirts, Butyrospermum Parkii (Shea) sviests, tri-C14-15 alkilcitr\u0101ts, stear\u012bnsk\u0101be, hidrogen\u0113ts polydecene, argania spinosa kodolu e\u013c\u013ca, hidrogen\u0113ta augu e\u013c\u013ca, Peg-100 stear\u0101ts, glicerilstear\u0101ts, cetearila glikoz\u012bds, bi\u0161u vasks, tokoferila acet\u0101ts, dimetikona\/vinildimetikona krospolim\u0113rs, la\u0161a e\u013c\u013ca (0,1%), poliakril\u0101ts-13, etilheksilglicer\u012bns, lecit\u012bns, smar\u017evielas, adenoz\u012bns, poliizobut\u0113ns, k\u0101lija hidroks\u012bds, din\u0101trija edta, polisorb\u0101ts 20, sorbit\u0101na izostear\u0101ts, butil\u0113nglikols, karbom\u0113rs, fenoksietanols, palmitoil tripept\u012bds-5, vara tripept\u012bds-1, acetilheksapept\u012bds-8, palmitoil tripept\u012bds-1, palmitoil tetrapept\u012bds-7, palmitoil heksapept\u012bds-12, palmitoil dipept\u012bds-7, palmitoil pentapept\u012bds-4.<\/p>","protected":false},"featured_media":5223,"template":"","meta":{"om_disable_all_campaigns":false,"_monsterinsights_skip_tracking":false,"_monsterinsights_sitenote_active":false,"_monsterinsights_sitenote_note":"","_monsterinsights_sitenote_category":0},"product_cat":[15,71],"product_tag":[],"aioseo_notices":[],"_links":{"self":[{"href":"https:\/\/softskinshop.net\/lv\/wp-json\/wp\/v2\/product\/7576"}],"collection":[{"href":"https:\/\/softskinshop.net\/lv\/wp-json\/wp\/v2\/product"}],"about":[{"href":"https:\/\/softskinshop.net\/lv\/wp-json\/wp\/v2\/types\/product"}],"wp:featuredmedia":[{"embeddable":true,"href":"https:\/\/softskinshop.net\/lv\/wp-json\/wp\/v2\/media\/5223"}],"wp:attachment":[{"href":"https:\/\/softskinshop.net\/lv\/wp-json\/wp\/v2\/media?parent=7576"}],"wp:term":[{"taxonomy":"product_cat","embeddable":true,"href":"https:\/\/softskinshop.net\/lv\/wp-json\/wp\/v2\/product_cat?post=7576"},{"taxonomy":"product_tag","embeddable":true,"href":"https:\/\/softskinshop.net\/lv\/wp-json\/wp\/v2\/product_tag?post=7576"}],"curies":[{"name":"wp","href":"https:\/\/api.w.org\/{rel}","templated":true}]}}