{"id":7575,"date":"2023-10-31T09:27:10","date_gmt":"2023-10-31T09:27:10","guid":{"rendered":"https:\/\/softskinshop.net\/?post_type=product&#038;p=7575"},"modified":"2025-09-25T07:21:56","modified_gmt":"2025-09-25T07:21:56","slug":"salmon-peptide-nutrition-cream","status":"publish","type":"product","link":"https:\/\/softskinshop.net\/lv\/shop\/all-products\/salmon-peptide-nutrition-cream\/","title":{"rendered":"La\u0161a un pept\u012bdu uztura kr\u0113ms"},"content":{"rendered":"<p>Atjaunojo\u0161ais barojo\u0161ais kr\u0113ms ar la\u0161a e\u013c\u013cu, keram\u012bdiem, pept\u012bdiem un alanto\u012bnu intens\u012bvi mitrina un baro \u0101du, samazina grumbi\u0146as un uzlabo \u0101das tekst\u016bru. La\u0161a e\u013c\u013ca atjauno \u0101das tvirtumu un elast\u012bbu, samazina grumbu dzi\u013cumu un nov\u0113r\u0161 jaunu grumbu veido\u0161anos. Ceram\u012bds-3 atjauno un stiprina \u0101das mitruma barjeru, nov\u0113r\u0161ot mitruma iztvaiko\u0161anu. Piem\u0113rots norm\u0101lai, sausai un jaukta tipa \u0101dai.<\/p>\n<ul>\n<li>Bez parab\u0113niem<\/li>\n<li>Bez sulf\u0101tu<\/li>\n<li>Bez \u0113teriskaj\u0101m e\u013c\u013c\u0101m<\/li>\n<\/ul>","protected":false},"excerpt":{"rendered":"<p>Atjaunojo\u0161ais barojo\u0161ais kr\u0113ms ar la\u0161a e\u013c\u013cu, keram\u012bdiem, pept\u012bdiem un alanto\u012bnu intens\u012bvi mitrina un baro \u0101du, samazina grumbi\u0146as un uzlabo \u0101das tekst\u016bru. La\u0161a e\u013c\u013ca atjauno \u0101das tvirtumu un elast\u012bbu, samazina grumbu dzi\u013cumu un nov\u0113r\u0161 jaunu grumbu veido\u0161anos. Ceram\u012bds-3 atjauno un stiprina \u0101das mitruma barjeru, nov\u0113r\u0161ot mitruma iztvaiko\u0161anu. Piem\u0113rots norm\u0101lai, sausai un jaukta tipa \u0101dai.<\/p>\n<ul>\n<li>Bez parab\u0113niem<\/li>\n<li>Bez sulf\u0101tu<\/li>\n<li>Bez \u0113teriskaj\u0101m e\u013c\u013c\u0101m<\/li>\n<\/ul>\n<p>Sast\u0101vda\u013cas: Din\u0101trija EDTA, trehalozi, dik\u0101lija gliciriz\u0101tu, niac\u012bnam\u012bdu, adenoz\u012bnu, alanto\u012bnu, 1,2-heksandiolu, etilheksilglicer\u012bnu, dipropil\u0113nglikolu, propandiolu, n\u0101trija hialuron\u0101tu, glicer\u012bnu, PEG-240\/Hdi kopolim\u0113ru bis-deciltetradedeceti-20 \u0113teri, polisorb\u0101ts 60, stearilspirts, behenilspirts, poligliceril-3-metilglikozes distear\u0101ts, cetearilspirts, palmit\u012bnsk\u0101be, stear\u012bnsk\u0101be, mirist\u012bnsk\u0101be, cetearila glikoz\u012bds, ciklopentasiloks\u0101ns, cikloheksasiloks\u0101ns, kaprilkaprilkapriltriglicer\u012bds, dimetikonols, dimetikons, dimetikona\/vinildimetikona krustspolim\u0113rs, Ci 15985, Ci 17200, smar\u017evielas, keram\u012bds 3, hidrogen\u0113tais lecit\u012bns, fenoksietanols, acetilheksapept\u012bds-8, vara tripept\u012bds-1, butil\u0113nglikols, karbom\u0113rs, polisorb\u0101ts 20, palmitoil tripept\u012bds-1, palmitoil tetrapept\u012bds-7, hidroksietilur\u012bnviela, palmitoil tripept\u012bds-5, palmitoil pentapept\u012bds-4, palmitoil dipept\u012bds-7, palmitoil heksapept\u012bds-12, la\u0161a olu ekstrakts (0.001%)<\/p>","protected":false},"featured_media":5221,"template":"","meta":{"om_disable_all_campaigns":false,"_monsterinsights_skip_tracking":false,"_monsterinsights_sitenote_active":false,"_monsterinsights_sitenote_note":"","_monsterinsights_sitenote_category":0},"product_cat":[15,71],"product_tag":[],"aioseo_notices":[],"_links":{"self":[{"href":"https:\/\/softskinshop.net\/lv\/wp-json\/wp\/v2\/product\/7575"}],"collection":[{"href":"https:\/\/softskinshop.net\/lv\/wp-json\/wp\/v2\/product"}],"about":[{"href":"https:\/\/softskinshop.net\/lv\/wp-json\/wp\/v2\/types\/product"}],"wp:featuredmedia":[{"embeddable":true,"href":"https:\/\/softskinshop.net\/lv\/wp-json\/wp\/v2\/media\/5221"}],"wp:attachment":[{"href":"https:\/\/softskinshop.net\/lv\/wp-json\/wp\/v2\/media?parent=7575"}],"wp:term":[{"taxonomy":"product_cat","embeddable":true,"href":"https:\/\/softskinshop.net\/lv\/wp-json\/wp\/v2\/product_cat?post=7575"},{"taxonomy":"product_tag","embeddable":true,"href":"https:\/\/softskinshop.net\/lv\/wp-json\/wp\/v2\/product_tag?post=7575"}],"curies":[{"name":"wp","href":"https:\/\/api.w.org\/{rel}","templated":true}]}}