{"id":5712,"date":"2023-06-21T09:52:11","date_gmt":"2023-06-21T09:52:11","guid":{"rendered":"https:\/\/softskinshop.net\/?post_type=product&#038;p=5712"},"modified":"2025-02-08T15:11:42","modified_gmt":"2025-02-08T15:11:42","slug":"black-snail-slime-hydrogel-eye-patch","status":"publish","type":"product","link":"https:\/\/softskinshop.net\/lv\/shop\/all-products\/black-snail-slime-hydrogel-eye-patch\/","title":{"rendered":"MELNS GLIEME\u017dU G\u013bOTU HIDROG\u0112LA ACU PL\u0100KSTERIS"},"content":{"rendered":"<p>Hidrogela pl\u0101ksteri ir paredz\u0113ti \u0101das kop\u0161anai zem ac\u012bm, tos var izmantot ar\u012b nazolabi\u0101laj\u0101m krok\u0101m. Pl\u0101ksteru galven\u0101 sast\u0101vda\u013ca - meln\u0101s glieme\u017eu g\u013cotas, kas ir sp\u0113c\u012bgs mitrin\u0101t\u0101js. Melno glieme\u017eu g\u013cotu filtr\u0101ts ir galven\u0101 \u0101das kop\u0161anas sast\u0101vda\u013ca. Acetilheksapept\u012bds-8 palielina elast\u012bbu. Tas uzlabo \u0101das skaistumu un darbojas pret noveco\u0161anos. Glieme\u017eu g\u013cotas satur muc\u012bnu, alanto\u012bnu un glikolsk\u0101bi.<\/p>","protected":false},"excerpt":{"rendered":"<p>Hidrogela pl\u0101ksteri ir paredz\u0113ti \u0101das kop\u0161anai zem ac\u012bm, tos var izmantot ar\u012b nazolabi\u0101laj\u0101m krok\u0101m. Pl\u0101ksteru galven\u0101 sast\u0101vda\u013ca - meln\u0101s glieme\u017eu g\u013cotas, kas ir sp\u0113c\u012bgs mitrin\u0101t\u0101js. Melno glieme\u017eu g\u013cotu filtr\u0101ts ir galven\u0101 \u0101das kop\u0161anas sast\u0101vda\u013ca. Acetilheksapept\u012bds-8 palielina elast\u012bbu. Tas uzlabo \u0101das skaistumu un darbojas pret noveco\u0161anos. Glieme\u017eu g\u013cotas satur muc\u012bnu, alanto\u012bnu un glikolsk\u0101bi.<\/p>","protected":false},"featured_media":5713,"template":"","meta":{"om_disable_all_campaigns":false,"_monsterinsights_skip_tracking":false,"_monsterinsights_sitenote_active":false,"_monsterinsights_sitenote_note":"","_monsterinsights_sitenote_category":0},"product_cat":[15,71,70],"product_tag":[],"aioseo_notices":[],"_links":{"self":[{"href":"https:\/\/softskinshop.net\/lv\/wp-json\/wp\/v2\/product\/5712"}],"collection":[{"href":"https:\/\/softskinshop.net\/lv\/wp-json\/wp\/v2\/product"}],"about":[{"href":"https:\/\/softskinshop.net\/lv\/wp-json\/wp\/v2\/types\/product"}],"wp:featuredmedia":[{"embeddable":true,"href":"https:\/\/softskinshop.net\/lv\/wp-json\/wp\/v2\/media\/5713"}],"wp:attachment":[{"href":"https:\/\/softskinshop.net\/lv\/wp-json\/wp\/v2\/media?parent=5712"}],"wp:term":[{"taxonomy":"product_cat","embeddable":true,"href":"https:\/\/softskinshop.net\/lv\/wp-json\/wp\/v2\/product_cat?post=5712"},{"taxonomy":"product_tag","embeddable":true,"href":"https:\/\/softskinshop.net\/lv\/wp-json\/wp\/v2\/product_tag?post=5712"}],"curies":[{"name":"wp","href":"https:\/\/api.w.org\/{rel}","templated":true}]}}