{"id":5708,"date":"2023-06-21T09:47:37","date_gmt":"2023-06-21T09:47:37","guid":{"rendered":"https:\/\/softskinshop.net\/?post_type=product&#038;p=5708"},"modified":"2026-02-14T18:52:17","modified_gmt":"2026-02-14T18:52:17","slug":"hyaluronic-acid-moisture-essence-mask-2","status":"publish","type":"product","link":"https:\/\/softskinshop.net\/lv\/shop\/all-products\/hyaluronic-acid-moisture-essence-mask-2\/","title":{"rendered":"HIALURONSK\u0100BES MITRUS ESSENCES MASKA"},"content":{"rendered":"<p>Eyenlip Moisture Essence maska ar hialuronsk\u0101bi ir\u00a0<b>mitrino\u0161a un atjaunojo\u0161a lok\u0161\u0146u maska ar hialuronsk\u0101bi.<\/b>. Pal\u012bdz saglab\u0101t jaun\u012bbas izskatu, nov\u0113r\u0161ot \u0101das nov\u012b\u0161anu.<\/p>","protected":false},"excerpt":{"rendered":"<p>Eyenlip Moisture Essence maska ar hialuronsk\u0101bi ir\u00a0<b>mitrino\u0161a un atjaunojo\u0161a lok\u0161\u0146u maska ar hialuronsk\u0101bi.<\/b>. Pal\u012bdz saglab\u0101t jaun\u012bbas izskatu, nov\u0113r\u0161ot \u0101das nov\u012b\u0161anu.<\/p>\n<p>Sast\u0101vda\u013cas<br \/>\n\u016adens, glicer\u012bns, karbom\u0113rs, trietanolam\u012bns, din\u0101trija EDTA, hidroksietilceluloze, beta\u012bns, n\u0101trija hialuron\u0101ts, polisorb\u0101ts 20, Chamaecyparis Obtusa lapu ekstrakts, Cinnamomum Cassia mizas ekstrakts, Scutellaria Baicalensis saknes ekstrakts, Portulaca Oleracea ekstrakts, sarkan\u0101 \u017ee\u0146\u0161e\u0146a ekstrakts, kavi\u0101ra ekstrakts, Glycine Max (sojas pupi\u0146u) fitoplacentas ekstrakts, Glycine Soja (sojas pupi\u0146u) s\u0113klu ekstrakts, Benincasa Cerifera s\u0113klu ekstrakts, Dioscorea Batatas ekstrakts, fenoksietanols, smar\u017evielas<\/p>","protected":false},"featured_media":5709,"template":"","meta":{"om_disable_all_campaigns":false,"_monsterinsights_skip_tracking":false,"_monsterinsights_sitenote_active":false,"_monsterinsights_sitenote_note":"","_monsterinsights_sitenote_category":0},"product_cat":[15,71,70],"product_tag":[],"aioseo_notices":[],"_links":{"self":[{"href":"https:\/\/softskinshop.net\/lv\/wp-json\/wp\/v2\/product\/5708"}],"collection":[{"href":"https:\/\/softskinshop.net\/lv\/wp-json\/wp\/v2\/product"}],"about":[{"href":"https:\/\/softskinshop.net\/lv\/wp-json\/wp\/v2\/types\/product"}],"wp:featuredmedia":[{"embeddable":true,"href":"https:\/\/softskinshop.net\/lv\/wp-json\/wp\/v2\/media\/5709"}],"wp:attachment":[{"href":"https:\/\/softskinshop.net\/lv\/wp-json\/wp\/v2\/media?parent=5708"}],"wp:term":[{"taxonomy":"product_cat","embeddable":true,"href":"https:\/\/softskinshop.net\/lv\/wp-json\/wp\/v2\/product_cat?post=5708"},{"taxonomy":"product_tag","embeddable":true,"href":"https:\/\/softskinshop.net\/lv\/wp-json\/wp\/v2\/product_tag?post=5708"}],"curies":[{"name":"wp","href":"https:\/\/api.w.org\/{rel}","templated":true}]}}