{"id":5682,"date":"2023-03-02T08:37:16","date_gmt":"2023-03-02T08:37:16","guid":{"rendered":"https:\/\/softskinshop.net\/?post_type=product&#038;p=5682"},"modified":"2025-06-13T17:15:37","modified_gmt":"2025-06-13T17:15:37","slug":"the-some-by-mi-yuja-niacin-brightening-toner","status":"publish","type":"product","link":"https:\/\/softskinshop.net\/lv\/shop\/all-products\/the-some-by-mi-yuja-niacin-brightening-toner\/","title":{"rendered":"THE SOME BY MI YUJA NIACIN BIGHTENING toneris"},"content":{"rendered":"<p>Toniks, kas satur koncentr\u0113tu juras (citrona) ekstraktu, kas \u0101tri ies\u016bcas \u0101d\u0101 un sniedz atsvaidzino\u0161u saj\u016btu bez lip\u012bguma. Tas satur 90% Yuja ekstrakta, kas baro un mitrina \u0101du. Sast\u0101v\u0101 ir 5% niac\u012bnam\u012bda, kas izgaismo bl\u0101vu \u0101du un mazina plankumus un vasaras raibumus.<\/p>","protected":false},"excerpt":{"rendered":"<p>Toniks, kas satur koncentr\u0113tu juras (citrona) ekstraktu, kas \u0101tri ies\u016bcas \u0101d\u0101 un sniedz atsvaidzino\u0161u saj\u016btu bez lip\u012bguma. Tas satur 90% Yuja ekstrakta, kas baro un mitrina \u0101du. Sast\u0101v\u0101 ir 5% niac\u012bnam\u012bda, kas izgaismo bl\u0101vu \u0101du un mazina plankumus un vasaras raibumus.<\/p>\n<p>Sast\u0101vda\u013cas<br \/>\nCitrus Junos aug\u013cu ekstrakts (90%), niac\u012bnam\u012bds (5%), 1,2-heksandiols, glicer\u012bns, poligliceril-10 laur\u0101ts, C12-14 parets-7, \u016bdens, akril\u0101tu\/C10-30 alkilakril\u0101ta kruzmolim\u0113rs, etilheksilglicer\u012bns, Citrus Junos mizas e\u013c\u013ca (500 Ppm), butil\u0113nglikols, adenoz\u012bns, trometam\u012bns, din\u0101trija EDTA, Coptis Chinensis saknes ekstrakts, hidrogen\u0113tais lecit\u012bns, poligliceril-10 stear\u0101ts, pantenols, n\u0101trija askorbilfosf\u0101ts, Saussurea Involucrata ekstrakts, bisabolols, maltodekstr\u012bns, hidroliz\u0113ta augu olbaltumviela, Sambucus Nigra ziedu ekstrakts, Citrus Aurantium Dulcis (apels\u012bna) ziedu ekstrakts, Magnolia Liliflora ziedu ekstrakts, Plumeria Rubra ziedu ekstrakts, Lilium Tigrinum ekstrakts, folijsk\u0101be, biot\u012bns, piridoks\u012bns, Pancratium Maritimum ekstrakts, tokoferols, cianokobalam\u012bns, linolsk\u0101be, tiam\u012bns Hcl, beta-karot\u012bns, riboflav\u012bns, inozitols, limon\u0113ns<\/p>","protected":false},"featured_media":5679,"template":"","meta":{"om_disable_all_campaigns":false,"_monsterinsights_skip_tracking":false,"_monsterinsights_sitenote_active":false,"_monsterinsights_sitenote_note":"","_monsterinsights_sitenote_category":0},"product_cat":[15,71],"product_tag":[],"aioseo_notices":[],"_links":{"self":[{"href":"https:\/\/softskinshop.net\/lv\/wp-json\/wp\/v2\/product\/5682"}],"collection":[{"href":"https:\/\/softskinshop.net\/lv\/wp-json\/wp\/v2\/product"}],"about":[{"href":"https:\/\/softskinshop.net\/lv\/wp-json\/wp\/v2\/types\/product"}],"wp:featuredmedia":[{"embeddable":true,"href":"https:\/\/softskinshop.net\/lv\/wp-json\/wp\/v2\/media\/5679"}],"wp:attachment":[{"href":"https:\/\/softskinshop.net\/lv\/wp-json\/wp\/v2\/media?parent=5682"}],"wp:term":[{"taxonomy":"product_cat","embeddable":true,"href":"https:\/\/softskinshop.net\/lv\/wp-json\/wp\/v2\/product_cat?post=5682"},{"taxonomy":"product_tag","embeddable":true,"href":"https:\/\/softskinshop.net\/lv\/wp-json\/wp\/v2\/product_tag?post=5682"}],"curies":[{"name":"wp","href":"https:\/\/api.w.org\/{rel}","templated":true}]}}