{"id":5677,"date":"2023-03-02T08:31:33","date_gmt":"2023-03-02T08:31:33","guid":{"rendered":"https:\/\/softskinshop.net\/?post_type=product&#038;p=5677"},"modified":"2025-06-22T11:57:13","modified_gmt":"2025-06-22T11:57:13","slug":"the-some-by-mi-yuja-niacin-brightening-moisture-gel-cream","status":"publish","type":"product","link":"https:\/\/softskinshop.net\/lv\/shop\/all-products\/the-some-by-mi-yuja-niacin-brightening-moisture-gel-cream\/","title":{"rendered":"The Some By Mi Yuja Niacin Brightening Moisture Gel Cream"},"content":{"rendered":"<p>Some By Mi Yuja Niacin Brightening Moisture Gel Cream satur 90% Yuja ekstrakta, lai barotu un mitrin\u0101tu \u0101du. Yuja ir citrusaug\u013cu veids, kas ir bag\u0101ts ar vitam\u012bniem un efekt\u012bvs balin\u0101\u0161anai. Niacinam\u012bds pal\u012bdz izgaismot tum\u0161os plankumus un bl\u0101vu \u0101du. 10 veidu vitam\u012bni atdz\u012bvina \u0101du, savuk\u0101rt ledus \u016bdens nodro\u0161ina atv\u0113sino\u0161u efektu.<\/p>","protected":false},"excerpt":{"rendered":"<p>Some By Mi Yuja Niacin Brightening Moisture Gel Cream satur 90% Yuja ekstrakta, lai barotu un mitrin\u0101tu \u0101du. Yuja ir citrusaug\u013cu veids, kas ir bag\u0101ts ar vitam\u012bniem un efekt\u012bvs balin\u0101\u0161anai. Niacinam\u012bds pal\u012bdz izgaismot tum\u0161os plankumus un bl\u0101vu \u0101du. 10 veidu vitam\u012bni atdz\u012bvina \u0101du, savuk\u0101rt ledus \u016bdens nodro\u0161ina atv\u0113sino\u0161u efektu.<\/p>\n<p>Sast\u0101vda\u013cas<br \/>\nCitrus Junos aug\u013cu ekstrakts (90 %), niac\u012bnam\u012bds (5 %), 1,2-heksandiols, dipropil\u0113nglikols, butil\u0113nglikols, \u016bdens (led\u0101ja \u016bdens), Melaleuca Alternifolia (t\u0113jas koka) lapu \u016bdens, Thuja Orientalis lapu ekstrakts, Zanthoxylum Piperitum aug\u013cu ekstrakts, Polygonum Cuspidatum sak\u0146u ekstrakts, Centella Asiatica ekstrakts, Artemisia Princeps lapu ekstrakts, Nelumbo Nucifera ziedu ekstrakts, Coptis Japonica ekstrakts, arbut\u012bns, (-)-Alpha-Bisabolol, glutations, biot\u012bns, askorb\u012bnsk\u0101be, askorbilglikoz\u012bds, askorbiltetraizopalmit\u0101ts, tokoferols, pantenols, cianokobalam\u012bns, menadions, madekasos\u012bds, madekassk\u0101be, aziatikos\u012bds, azi\u0101tisk\u0101 sk\u0101be, argin\u012bns, adenoz\u012bns, etilheksila oliv\u0101ts, cetearila oliv\u0101ts, sorbit\u0101na oliv\u0101ts, poligliceril-4 ole\u0101ts, C12-13 parets-9, karbom\u0113rs, amonija akriloildimetiltaur\u0101ta\/VP kopolim\u0113rs, n\u0101trija akril\u0101tu kopolim\u0113rs, \u016bdens, benzilglikols, etilheksilglicer\u012bns, ave\u0146u ketons, Citrus Junos mizas e\u013c\u013ca (156 Ppm), Melaleuca Alternifolia (t\u0113jas koka) lapu e\u013c\u013ca, linalols, limon\u0113ns.<\/p>","protected":false},"featured_media":5679,"template":"","meta":{"om_disable_all_campaigns":false,"_monsterinsights_skip_tracking":false,"_monsterinsights_sitenote_active":false,"_monsterinsights_sitenote_note":"","_monsterinsights_sitenote_category":0},"product_cat":[15,71],"product_tag":[],"aioseo_notices":[],"_links":{"self":[{"href":"https:\/\/softskinshop.net\/lv\/wp-json\/wp\/v2\/product\/5677"}],"collection":[{"href":"https:\/\/softskinshop.net\/lv\/wp-json\/wp\/v2\/product"}],"about":[{"href":"https:\/\/softskinshop.net\/lv\/wp-json\/wp\/v2\/types\/product"}],"wp:featuredmedia":[{"embeddable":true,"href":"https:\/\/softskinshop.net\/lv\/wp-json\/wp\/v2\/media\/5679"}],"wp:attachment":[{"href":"https:\/\/softskinshop.net\/lv\/wp-json\/wp\/v2\/media?parent=5677"}],"wp:term":[{"taxonomy":"product_cat","embeddable":true,"href":"https:\/\/softskinshop.net\/lv\/wp-json\/wp\/v2\/product_cat?post=5677"},{"taxonomy":"product_tag","embeddable":true,"href":"https:\/\/softskinshop.net\/lv\/wp-json\/wp\/v2\/product_tag?post=5677"}],"curies":[{"name":"wp","href":"https:\/\/api.w.org\/{rel}","templated":true}]}}