{"id":5675,"date":"2023-03-02T08:26:40","date_gmt":"2023-03-02T08:26:40","guid":{"rendered":"https:\/\/softskinshop.net\/?post_type=product&#038;p=5675"},"modified":"2025-05-28T13:40:07","modified_gmt":"2025-05-28T13:40:07","slug":"retinol-intense-advanced-triple-action-eye-cream","status":"publish","type":"product","link":"https:\/\/softskinshop.net\/lv\/shop\/all-products\/retinol-intense-advanced-triple-action-eye-cream\/","title":{"rendered":"Retinol Intense Advanced Triple Action acu kr\u0113ms"},"content":{"rendered":"<p>\u0160is acu kr\u0113ms pret noveco\u0161anos ir \u012bpa\u0161i izstr\u0101d\u0101ts, lai iedarbotos uz jut\u012bgo acu zonu, nov\u0113r\u0161ot tum\u0161os lokus un s\u012bk\u0101s grumbi\u0146as. Tas dara br\u012bnumus, izl\u012bdzinot s\u012bk\u0101s grumbi\u0146as, uzlabojot kolag\u0113na veido\u0161anos un \u0101das elast\u012bbu. Formul\u0101 ir augu izcelsmes kolag\u0113ns un pept\u012bds, kas izl\u012bdzina un nostiprina \u0101du, kura laika gait\u0101 ir zaud\u0113jusi kolag\u0113nu.<\/p>\n<p>Pateicoties t\u0101d\u0101m sast\u0101vda\u013c\u0101m k\u0101 niac\u012bnam\u012bds, tas izgaismo \u0101du zem ac\u012bm, savuk\u0101rt hialuronsk\u0101be, centella Asiatica ekstrakts un pantenols nomierina, atjauno un baro \u0101du. Glutations un traneksam\u012bnsk\u0101be koncentr\u0113jas uz tum\u0161ajiem lokiem, nov\u0113r\u0161ot pigment\u0101ciju un nodro\u0161inot efekt\u012bvu balino\u0161u kop\u0161anu.<\/p>\n<p>Some By Mi patent\u0113tie Truecica\u2122, ledus \u016bdens un \u016bdens lilija pie\u0161\u0137ir nomierino\u0161u efektu jut\u012bgai \u0101dai, kas dienas laik\u0101 ir pak\u013cauta sp\u0113c\u012bgiem saules stariem. \u0160is acu kr\u0113ms nesatur 20 satrauco\u0161as sast\u0101vda\u013cas un ir iztur\u0113jis stingrus dermatolo\u0123iskus testus, tostarp nekomedog\u0113nas iedarb\u012bbas un \u0101das kairin\u0101juma testus.<\/p>","protected":false},"excerpt":{"rendered":"<p>\u0160is acu kr\u0113ms pret noveco\u0161anos ir \u012bpa\u0161i izstr\u0101d\u0101ts, lai iedarbotos uz jut\u012bgo acu zonu, nov\u0113r\u0161ot tum\u0161os lokus un s\u012bk\u0101s grumbi\u0146as. Tas dara br\u012bnumus, izl\u012bdzinot s\u012bk\u0101s grumbi\u0146as, uzlabojot kolag\u0113na veido\u0161anos un \u0101das elast\u012bbu. Formul\u0101 ir augu izcelsmes kolag\u0113ns un pept\u012bds, kas izl\u012bdzina un nostiprina \u0101du, kura laika gait\u0101 ir zaud\u0113jusi kolag\u0113nu.<\/p>\n<p>Pateicoties t\u0101d\u0101m sast\u0101vda\u013c\u0101m k\u0101 niac\u012bnam\u012bds, tas izgaismo \u0101du zem ac\u012bm, savuk\u0101rt hialuronsk\u0101be, centella Asiatica ekstrakts un pantenols nomierina, atjauno un baro \u0101du. Glutations un traneksam\u012bnsk\u0101be koncentr\u0113jas uz tum\u0161ajiem lokiem, nov\u0113r\u0161ot pigment\u0101ciju un nodro\u0161inot efekt\u012bvu balino\u0161u kop\u0161anu.<\/p>\n<p>Some By Mi patent\u0113tie Truecica\u2122, ledus \u016bdens un \u016bdens lilija pie\u0161\u0137ir nomierino\u0161u efektu jut\u012bgai \u0101dai, kas dienas laik\u0101 ir pak\u013cauta sp\u0113c\u012bgiem saules stariem. \u0160is acu kr\u0113ms nesatur 20 satrauco\u0161as sast\u0101vda\u013cas un ir iztur\u0113jis stingrus dermatolo\u0123iskus testus, tostarp nekomedog\u0113nas iedarb\u012bbas un \u0101das kairin\u0101juma testus.<\/p>\n<p>Sast\u0101vda\u013cas<br \/>\n\u016adens, glicer\u012bns, kaprilic\/kapric triglicer\u012bds, dimetikons, polisorb\u0101ts 60, niac\u012bnam\u012bds, metilprop\u0101ndiols, cetilspirts, polimetilsilsskvioks\u0101ns, asijas centellas ekstrakts, Dioscorea Japonica sak\u0146u ekstrakts, Piper Methysticum lapu\/sak\u0146u\/stubl\u0101ja ekstrakts, Melaleuca Alternifolia (t\u0113jas koka) lapu ekstrakts, Panax Ginseng ogu ekstrakts, Artemisia Capillaris ekstrakts, Ganoderma Lucidum (s\u0113nes) stubl\u0101ja ekstrakts, Chlorella Vulgaris ekstrakts, Glycine Soja (sojas) s\u0113klu ekstrakts, Nymphaea Alba ziedu ekstrakts, Elaeis Guineensis (palmu e\u013c\u013ca), hidrogen\u0113ts lecit\u012bns, n\u0101trija hialuron\u0101ts, 1,2-heksanediols, dimetikona\/vinildimetikona krustspolim\u0113rs, pantenols, BHT, ciklopentasiloks\u0101ns, Stearets-21, PEG-10 dimetikona\/vinildimetikona krustspolim\u0113rs, poliakrilam\u012bds, Stearets-2, izoksadek\u0101ns, karbom\u0113rs, hidroksiacetofenons, C13-14 izoparaf\u012bns, trometam\u012bns, palmit\u012bnsk\u0101be, polikvaternijs-51, stear\u012bnsk\u0101be, polisorb\u0101ts 20, retinols (0.1%), etilheksilglicer\u012bns, glicerilkapril\u0101ts, tokoferilacet\u0101ts, poligliceril-10 mirist\u0101ts, PEG-30 dipolihidroksistear\u0101ts, hidroksietilceluloze, glikoziltrehalozes, beta-glik\u0101ns, glicerilpolimetakril\u0101ts, Laurets-7, butil\u0113nglikols, din\u0101trija EDTA, hidrogen\u0113tas cietes hidroliz\u0101ts, adenoz\u012bns, rafinozes, dipotasija gliciriz\u0101ts, lecit\u012bns, tokoferols, pentil\u0113nglikols, BHA, mirist\u012bnsk\u0101be, traneksam\u012bnsk\u0101be, propandiols, dipropil\u0113nglikols, din\u0101trija fosf\u0101ts, kaprilglikols, kolag\u0113ns, madekazi\u0137sk\u0101be, biosahar\u012bds Gum-1, asiatikoz\u012bds, n\u0101trija palmitoilprol\u012bns, Leuconostoc \/ red\u012bsu sak\u0146u fermenta filtr\u0101ts, azi\u0101tisk\u0101 sk\u0101be, glutations, retin\u0101ls, madekasos\u012bds, n\u0101trija fosf\u0101ts, ferul\u012bnsk\u0101be, acetilheksapept\u012bds-8, amonija akriloildimetiltaur\u0101ts\/VP kopolim\u0113rs, tetrahidropiper\u012bns, floret\u012bns, argin\u012bns, smar\u017evielas.<br \/>\nUzziniet vair\u0101k par to, k\u0101 las\u012bt sast\u0101vda\u013cu sarakstu &gt;&gt;<\/p>","protected":false},"featured_media":5676,"template":"","meta":{"om_disable_all_campaigns":false,"_monsterinsights_skip_tracking":false,"_monsterinsights_sitenote_active":false,"_monsterinsights_sitenote_note":"","_monsterinsights_sitenote_category":0},"product_cat":[15,71],"product_tag":[],"aioseo_notices":[],"_links":{"self":[{"href":"https:\/\/softskinshop.net\/lv\/wp-json\/wp\/v2\/product\/5675"}],"collection":[{"href":"https:\/\/softskinshop.net\/lv\/wp-json\/wp\/v2\/product"}],"about":[{"href":"https:\/\/softskinshop.net\/lv\/wp-json\/wp\/v2\/types\/product"}],"wp:featuredmedia":[{"embeddable":true,"href":"https:\/\/softskinshop.net\/lv\/wp-json\/wp\/v2\/media\/5676"}],"wp:attachment":[{"href":"https:\/\/softskinshop.net\/lv\/wp-json\/wp\/v2\/media?parent=5675"}],"wp:term":[{"taxonomy":"product_cat","embeddable":true,"href":"https:\/\/softskinshop.net\/lv\/wp-json\/wp\/v2\/product_cat?post=5675"},{"taxonomy":"product_tag","embeddable":true,"href":"https:\/\/softskinshop.net\/lv\/wp-json\/wp\/v2\/product_tag?post=5675"}],"curies":[{"name":"wp","href":"https:\/\/api.w.org\/{rel}","templated":true}]}}