{"id":5655,"date":"2023-03-02T07:27:08","date_gmt":"2023-03-02T07:27:08","guid":{"rendered":"https:\/\/softskinshop.net\/?post_type=product&#038;p=5655"},"modified":"2025-02-08T15:07:56","modified_gmt":"2025-02-08T15:07:56","slug":"the-beauty-of-joseon-glow-deep-serum-rice-arbutin","status":"publish","type":"product","link":"https:\/\/softskinshop.net\/lv\/shop\/all-products\/the-beauty-of-joseon-glow-deep-serum-rice-arbutin\/","title":{"rendered":"Joseon Glow Deep Serum r\u012bsu un Arbut\u012bna skaistums"},"content":{"rendered":"<p>Viegls, mitrino\u0161s serums, kas bag\u0101tin\u0101ts ar Hanbang (tradicion\u0101l\u0101s korejie\u0161u augu izcelsmes z\u0101les) sast\u0101vda\u013c\u0101m, kas izgaismo \u0101du un nov\u0113r\u0161 pigment\u0101ciju.<\/p>\n<p>\u016adensveida un \u012bpa\u0161i viegls serums, kas mitrina un laika gait\u0101 izl\u012bdzina sejas toni, satur r\u012bsu kliju \u016bdeni un arbut\u012bnu, lai pie\u0161\u0137irtu j\u016bsu \u0101dai stiklainu izskatu, ko t\u0101 ir peln\u012bjusi. Vesel\u012bga \u0101da v\u0113l nekad nav izskat\u012bjusies tik labi!<\/p>","protected":false},"excerpt":{"rendered":"<p>Viegls, mitrino\u0161s serums, kas bag\u0101tin\u0101ts ar Hanbang (tradicion\u0101l\u0101s korejie\u0161u augu izcelsmes z\u0101les) sast\u0101vda\u013c\u0101m, kas izgaismo \u0101du un nov\u0113r\u0161 pigment\u0101ciju.<\/p>\n<p>\u016adensveida un \u012bpa\u0161i viegls serums, kas mitrina un laika gait\u0101 izl\u012bdzina sejas toni, satur r\u012bsu kliju \u016bdeni un arbut\u012bnu, lai pie\u0161\u0137irtu j\u016bsu \u0101dai stiklainu izskatu, ko t\u0101 ir peln\u012bjusi. Vesel\u012bga \u0101da v\u0113l nekad nav izskat\u012bjusies tik labi!<\/p>","protected":false},"featured_media":5656,"template":"","meta":{"om_disable_all_campaigns":false,"_monsterinsights_skip_tracking":false,"_monsterinsights_sitenote_active":false,"_monsterinsights_sitenote_note":"","_monsterinsights_sitenote_category":0},"product_cat":[15,71],"product_tag":[],"aioseo_notices":[],"_links":{"self":[{"href":"https:\/\/softskinshop.net\/lv\/wp-json\/wp\/v2\/product\/5655"}],"collection":[{"href":"https:\/\/softskinshop.net\/lv\/wp-json\/wp\/v2\/product"}],"about":[{"href":"https:\/\/softskinshop.net\/lv\/wp-json\/wp\/v2\/types\/product"}],"wp:featuredmedia":[{"embeddable":true,"href":"https:\/\/softskinshop.net\/lv\/wp-json\/wp\/v2\/media\/5656"}],"wp:attachment":[{"href":"https:\/\/softskinshop.net\/lv\/wp-json\/wp\/v2\/media?parent=5655"}],"wp:term":[{"taxonomy":"product_cat","embeddable":true,"href":"https:\/\/softskinshop.net\/lv\/wp-json\/wp\/v2\/product_cat?post=5655"},{"taxonomy":"product_tag","embeddable":true,"href":"https:\/\/softskinshop.net\/lv\/wp-json\/wp\/v2\/product_tag?post=5655"}],"curies":[{"name":"wp","href":"https:\/\/api.w.org\/{rel}","templated":true}]}}