{"id":5546,"date":"2022-12-14T16:58:39","date_gmt":"2022-12-14T16:58:39","guid":{"rendered":"http:\/\/softskinshop.net\/?post_type=product&#038;p=5546"},"modified":"2025-02-14T14:47:49","modified_gmt":"2025-02-14T14:47:49","slug":"rose-petal-satin-hand-mask","status":"publish","type":"product","link":"https:\/\/softskinshop.net\/lv\/shop\/all-products\/rose-petal-satin-hand-mask\/","title":{"rendered":"Ro\u017eu ziedlapu sat\u012bna roku maska"},"content":{"rendered":"<p>Roku maska ar mitrino\u0161u ro\u017eu sufl\u0113 esenci, kas pal\u012bdz veidot kont\u016bru, nomierina un atsvaidzina \u0101du.<\/p>","protected":false},"excerpt":{"rendered":"<p>Roku maska ar mitrino\u0161u ro\u017eu sufl\u0113 esenci, kas pal\u012bdz veidot kont\u016bru, nomierina un atsvaidzina \u0101du.<\/p>","protected":false},"featured_media":5547,"template":"","meta":{"om_disable_all_campaigns":false,"_monsterinsights_skip_tracking":false,"_monsterinsights_sitenote_active":false,"_monsterinsights_sitenote_note":"","_monsterinsights_sitenote_category":0},"product_cat":[15,71,70],"product_tag":[],"aioseo_notices":[],"_links":{"self":[{"href":"https:\/\/softskinshop.net\/lv\/wp-json\/wp\/v2\/product\/5546"}],"collection":[{"href":"https:\/\/softskinshop.net\/lv\/wp-json\/wp\/v2\/product"}],"about":[{"href":"https:\/\/softskinshop.net\/lv\/wp-json\/wp\/v2\/types\/product"}],"wp:featuredmedia":[{"embeddable":true,"href":"https:\/\/softskinshop.net\/lv\/wp-json\/wp\/v2\/media\/5547"}],"wp:attachment":[{"href":"https:\/\/softskinshop.net\/lv\/wp-json\/wp\/v2\/media?parent=5546"}],"wp:term":[{"taxonomy":"product_cat","embeddable":true,"href":"https:\/\/softskinshop.net\/lv\/wp-json\/wp\/v2\/product_cat?post=5546"},{"taxonomy":"product_tag","embeddable":true,"href":"https:\/\/softskinshop.net\/lv\/wp-json\/wp\/v2\/product_tag?post=5546"}],"curies":[{"name":"wp","href":"https:\/\/api.w.org\/{rel}","templated":true}]}}