{"id":5486,"date":"2022-12-14T16:30:41","date_gmt":"2022-12-14T16:30:41","guid":{"rendered":"http:\/\/softskinshop.net\/?post_type=product&#038;p=5486"},"modified":"2025-05-23T15:21:37","modified_gmt":"2025-05-23T15:21:37","slug":"yuja-niacin-30-days-brightening-starter-kit","status":"publish","type":"product","link":"https:\/\/softskinshop.net\/lv\/shop\/all-products\/yuja-niacin-30-days-brightening-starter-kit\/","title":{"rendered":"Yuja Niacin 30 Days Brightening Starter Kit"},"content":{"rendered":"<p>\u010cetru izm\u0113\u0123in\u0101juma izm\u0113ru komplekts no Skin Brightening Yoga Niacin kl\u0101sta. Komplekt\u0101 ir korejie\u0161u jogas aug\u013cu ekstrakts un savienojumi niac\u012bnam\u012bds, arbut\u012bns un glutations, kas uzlabo \u0101das tonusu un nov\u0113r\u0161 grumbas. Jogas aug\u013cu ekstrakts baro \u0101du ar bag\u0101t\u012bgu dab\u012bg\u0101 C vitam\u012bna koncentr\u0101ciju, kas pal\u012bdz izgaismot nelielus tum\u0161os plankumus un apstr\u0101d\u0101t \u0101das net\u012brumus.Komplekt\u0101 ietilpst toniks, serums, mitrino\u0161s gels un miega maska.*Jogas toniks: Toniz\u0113jo\u0161ais toniks: Vieglas tekst\u016bras, bag\u0101tin\u0101ts ar jogas ekstraktu, kas baro un izgaismo \u0101du, ar atsvaidzino\u0161u un unik\u0101lu arom\u0101tu.<br \/>\n*Jogas serums: Atjauno tum\u0161os plankumus, nomierina un atjauno bl\u0101vu un saspringtu \u0101du.<br \/>\n*Jogas \u017eeleja: Sast\u0101v no sald\u0113ta \u016bdens, kas dzi\u013ci mitrina \u0101du un apstr\u0101d\u0101 net\u012brumus un bl\u0101vu \u0101das pigment\u0101ciju, jo satur efekt\u012bvus balino\u0161us savienojumus.<br \/>\n*Miegammaska: Div\u0113j\u0101da iedarb\u012bba, lai atvieglotu un \u0101rst\u0113tu \u0101das sausumu.<br \/>\n*Piem\u0113rots visiem \u0101das tipiem, \u012bpa\u0161i tiem, kuriem ir tum\u0161i \u0101das net\u012brumi. Toniku lieto, noslaukot to uz \u0101das ar vates pl\u0101ksn\u012bti, p\u0113c tam uzpiliniet 3-4 pilienus seruma un iemas\u0113jiet to vis\u0101 \u0101d\u0101, tad k\u0101 p\u0113d\u0113jo soli uzkl\u0101jiet kr\u0113ma \u017eeleju atbilsto\u0161\u0101 daudzum\u0101 uz visas \u0101das un iemas\u0113jiet to ar ap\u013cveida kust\u012bb\u0101m, l\u012bdz ab<\/p>","protected":false},"excerpt":{"rendered":"<p>\u010cetru izm\u0113\u0123in\u0101juma izm\u0113ru komplekts no Skin Brightening Yoga Niacin kl\u0101sta. Komplekt\u0101 ir korejie\u0161u jogas aug\u013cu ekstrakts un savienojumi niac\u012bnam\u012bds, arbut\u012bns un glutations, kas uzlabo \u0101das tonusu un nov\u0113r\u0161 grumbas. Jogas aug\u013cu ekstrakts baro \u0101du ar bag\u0101t\u012bgu dab\u012bg\u0101 C vitam\u012bna koncentr\u0101ciju, kas pal\u012bdz izgaismot nelielus tum\u0161os plankumus un apstr\u0101d\u0101t \u0101das net\u012brumus.Komplekt\u0101 ietilpst toniks, serums, mitrino\u0161s gels un miega maska.*Jogas toniks: Toniz\u0113jo\u0161ais toniks: Vieglas tekst\u016bras, bag\u0101tin\u0101ts ar jogas ekstraktu, kas baro un izgaismo \u0101du, ar atsvaidzino\u0161u un unik\u0101lu arom\u0101tu.<br \/>\n*Jogas serums: Atjauno tum\u0161os plankumus, nomierina un atjauno bl\u0101vu un saspringtu \u0101du.<br \/>\n*Jogas \u017eeleja: Sast\u0101v no sald\u0113ta \u016bdens, kas dzi\u013ci mitrina \u0101du un apstr\u0101d\u0101 net\u012brumus un bl\u0101vu \u0101das pigment\u0101ciju, jo satur efekt\u012bvus balino\u0161us savienojumus.<br \/>\n*Miegammaska: Div\u0113j\u0101da iedarb\u012bba, lai atvieglotu un \u0101rst\u0113tu \u0101das sausumu.<br \/>\n*Piem\u0113rots visiem \u0101das tipiem, \u012bpa\u0161i tiem, kuriem ir tum\u0161i \u0101das net\u012brumi. Toniku lieto, noslaukot to uz \u0101das ar vates pl\u0101ksn\u012bti, p\u0113c tam uzpiliniet 3-4 pilienus seruma un iemas\u0113jiet to vis\u0101 \u0101d\u0101, tad k\u0101 p\u0113d\u0113jo soli uzkl\u0101jiet kr\u0113ma \u017eeleju atbilsto\u0161\u0101 daudzum\u0101 uz visas \u0101das un iemas\u0113jiet to ar ap\u013cveida kust\u012bb\u0101m, l\u012bdz ab<\/p>","protected":false},"featured_media":5487,"template":"","meta":{"om_disable_all_campaigns":false,"_monsterinsights_skip_tracking":false,"_monsterinsights_sitenote_active":false,"_monsterinsights_sitenote_note":"","_monsterinsights_sitenote_category":0},"product_cat":[15,71],"product_tag":[],"aioseo_notices":[],"_links":{"self":[{"href":"https:\/\/softskinshop.net\/lv\/wp-json\/wp\/v2\/product\/5486"}],"collection":[{"href":"https:\/\/softskinshop.net\/lv\/wp-json\/wp\/v2\/product"}],"about":[{"href":"https:\/\/softskinshop.net\/lv\/wp-json\/wp\/v2\/types\/product"}],"wp:featuredmedia":[{"embeddable":true,"href":"https:\/\/softskinshop.net\/lv\/wp-json\/wp\/v2\/media\/5487"}],"wp:attachment":[{"href":"https:\/\/softskinshop.net\/lv\/wp-json\/wp\/v2\/media?parent=5486"}],"wp:term":[{"taxonomy":"product_cat","embeddable":true,"href":"https:\/\/softskinshop.net\/lv\/wp-json\/wp\/v2\/product_cat?post=5486"},{"taxonomy":"product_tag","embeddable":true,"href":"https:\/\/softskinshop.net\/lv\/wp-json\/wp\/v2\/product_tag?post=5486"}],"curies":[{"name":"wp","href":"https:\/\/api.w.org\/{rel}","templated":true}]}}