{"id":5469,"date":"2022-12-14T16:21:40","date_gmt":"2022-12-14T16:21:40","guid":{"rendered":"http:\/\/softskinshop.net\/?post_type=product&#038;p=5469"},"modified":"2025-09-25T07:25:29","modified_gmt":"2025-09-25T07:25:29","slug":"ac-clear-spot-patch","status":"publish","type":"product","link":"https:\/\/softskinshop.net\/lv\/shop\/all-products\/ac-clear-spot-patch\/","title":{"rendered":"AC Clear Spot Patch"},"content":{"rendered":"<p>Hidrokolo\u012bda audums absorb\u0113 eksud\u0101tu no br\u016bc\u0113m, lai uztur\u0113tu mitru vidi<\/p>\n<p>br\u016bces var pasarg\u0101t no \u0101r\u0113jiem pies\u0101r\u0146ot\u0101jiem un sekund\u0101r\u0101m infekcij\u0101m.<\/p>","protected":false},"excerpt":{"rendered":"<p>Hidrokolo\u012bda audums absorb\u0113 eksud\u0101tu no br\u016bc\u0113m, lai uztur\u0113tu mitru vidi<\/p>\n<p>br\u016bces var pasarg\u0101t no \u0101r\u0113jiem pies\u0101r\u0146ot\u0101jiem un sekund\u0101r\u0101m infekcij\u0101m.<\/p>","protected":false},"featured_media":5470,"template":"","meta":{"om_disable_all_campaigns":false,"_monsterinsights_skip_tracking":false,"_monsterinsights_sitenote_active":false,"_monsterinsights_sitenote_note":"","_monsterinsights_sitenote_category":0},"product_cat":[15,71],"product_tag":[],"aioseo_notices":[],"_links":{"self":[{"href":"https:\/\/softskinshop.net\/lv\/wp-json\/wp\/v2\/product\/5469"}],"collection":[{"href":"https:\/\/softskinshop.net\/lv\/wp-json\/wp\/v2\/product"}],"about":[{"href":"https:\/\/softskinshop.net\/lv\/wp-json\/wp\/v2\/types\/product"}],"wp:featuredmedia":[{"embeddable":true,"href":"https:\/\/softskinshop.net\/lv\/wp-json\/wp\/v2\/media\/5470"}],"wp:attachment":[{"href":"https:\/\/softskinshop.net\/lv\/wp-json\/wp\/v2\/media?parent=5469"}],"wp:term":[{"taxonomy":"product_cat","embeddable":true,"href":"https:\/\/softskinshop.net\/lv\/wp-json\/wp\/v2\/product_cat?post=5469"},{"taxonomy":"product_tag","embeddable":true,"href":"https:\/\/softskinshop.net\/lv\/wp-json\/wp\/v2\/product_tag?post=5469"}],"curies":[{"name":"wp","href":"https:\/\/api.w.org\/{rel}","templated":true}]}}