{"id":5096,"date":"2022-09-28T16:28:20","date_gmt":"2022-09-28T16:28:20","guid":{"rendered":"https:\/\/softskinshop.net\/?post_type=product&#038;p=5096"},"modified":"2025-07-21T13:46:52","modified_gmt":"2025-07-21T13:46:52","slug":"salmon-peptide-nutrition-serum","status":"publish","type":"product","link":"https:\/\/softskinshop.net\/lv\/shop\/all-products\/salmon-peptide-nutrition-serum\/","title":{"rendered":"LA\u0160A UN PEPT\u012aDU UZTURA SERUMS"},"content":{"rendered":"<div data-elementor-type=\"wp-post\" data-elementor-id=\"5096\" class=\"elementor elementor-5096\">\n\t\t\t\t\t\t<section class=\"elementor-section elementor-top-section elementor-element elementor-element-799919c6 elementor-section-boxed elementor-section-height-default elementor-section-height-default mkdf-parallax-row-no mkdf-content-aligment-left mkdf-row-grid-no mkdf-disabled-bg-image-bellow-no\" data-id=\"799919c6\" data-element_type=\"section\">\n\t\t\t\t\t\t<div class=\"elementor-container elementor-column-gap-default\">\n\t\t\t\t\t<div class=\"elementor-column elementor-col-100 elementor-top-column elementor-element elementor-element-7d0fe11\" data-id=\"7d0fe11\" data-element_type=\"column\">\n\t\t\t<div class=\"elementor-widget-wrap elementor-element-populated\">\n\t\t\t\t\t\t<div class=\"elementor-element elementor-element-128b0588 elementor-widget elementor-widget-text-editor\" data-id=\"128b0588\" data-element_type=\"widget\" data-widget_type=\"text-editor.default\">\n\t\t\t\t<div class=\"elementor-widget-container\">\n\t\t\t<style>\/*! elementor - v3.23.0 - 15-07-2024 *\/\n.elementor-widget-text-editor.elementor-drop-cap-view-stacked .elementor-drop-cap{background-color:#69727d;color:#fff}.elementor-widget-text-editor.elementor-drop-cap-view-framed .elementor-drop-cap{color:#69727d;border:3px solid;background-color:transparent}.elementor-widget-text-editor:not(.elementor-drop-cap-view-default) .elementor-drop-cap{margin-top:8px}.elementor-widget-text-editor:not(.elementor-drop-cap-view-default) .elementor-drop-cap-letter{width:1em;height:1em}.elementor-widget-text-editor .elementor-drop-cap{float:left;text-align:center;line-height:1;font-size:50px}.elementor-widget-text-editor .elementor-drop-cap-letter{display:inline-block}<\/style>\t\t\t\t<p>Lorem ipsum dolor sit amet, justo vivendum vis cu. Eu sed adhuc urbanitas, ex democritum intellegam his. Cu cum paulo viderer commune. Vis eu meis audiam scripserit, quem luptatum pri te. Adhuc lorem zril sit ex, minim noster suavitate ad eam, simul salutatus elaboraret qui ei. Reque bonorum accusamus eam ut, consequat referrentur id qui. Odio summo mea ex, libris inermis repudiandae an nec, vis id suscipit deserunt abhorreant. Kom\u016bna izmitin\u0101t vi\u0146a. Mea no solum erroribus omittantur. Mei nisl hinc natum.<\/p>\t\t\t\t\t\t<\/div>\n\t\t\t\t<\/div>\n\t\t\t\t\t<\/div>\n\t\t<\/div>\n\t\t\t\t\t<\/div>\n\t\t<\/section>\n\t\t\t\t<\/div>","protected":false},"excerpt":{"rendered":"<div class=\"product attribute short_description\">\n<div class=\"attribute-value\">\n<div class=\"col value\">\n<p><span style=\"font-weight: 400;\">Sejas seruma sast\u0101v\u0101 ir la\u0161u e\u013c\u013ca, hialuronsk\u0101be, glicer\u012bns un citas sast\u0101vda\u013cas, kas pal\u012bdz ilgsto\u0161i saglab\u0101t mitrumu \u0101d\u0101.<\/span><\/p>\n<p><span style=\"font-weight: 400;\">Pantenols un beta\u012bns stiprina \u0101das aizsargbarjeru un aizsarg\u0101 \u0101du no UV stariem, pies\u0101r\u0146ojuma, vides putek\u013ciem.<\/span><\/p>\n<p><span style=\"font-weight: 400;\">T\u0101 sast\u0101v\u0101 ir ar\u012b niacinam\u012bds un adenoz\u012bns, kas samazina grumbu dzi\u013cumu un izgaismo \u0101du.<\/span><\/p>\n<ul>\n<li style=\"font-weight: 400;\" aria-level=\"1\"><span style=\"font-weight: 400;\">La\u0161a e\u013c\u013ca ir neaizst\u0101jams un v\u0113rt\u012bgs produkts, lai saglab\u0101tu \u0101das jaun\u012bbu. T\u0101 satur maksim\u0101li daudz omega-3 polinepies\u0101tin\u0101to tauksk\u0101bju, aminosk\u0101bju, sp\u0113c\u012bgu antioksidantu astaksant\u012bnu, A, D un E vitam\u012bnus, pateicoties kuriem \u0101da daudz ilg\u0101k saglab\u0101jas jauna, skaista un vesel\u012bga.<\/span><\/li>\n<li style=\"font-weight: 400;\" aria-level=\"1\"><span style=\"font-weight: 400;\">Peptidi pa\u0101trina pamatprote\u012bnu - kolag\u0113na un elast\u012bna sint\u0113zi, kas padara \u0101du elast\u012bg\u0101ku, plastisk\u0101ku, izl\u012bdzina t\u0101s reljefu. Viens no galvenajiem pept\u012bdu uzdevumiem ir dzied\u0113t br\u016bces un nov\u0113rst iekaisumu.<\/span><\/li>\n<\/ul>\n<\/div>\n<\/div>\n<\/div>\n<div class=\"product attribute attributes additional-attributes-wrapper\">\n<div class=\"attribute-title\"><\/div>\n<\/div>\n<p>Sast\u0101vda\u013cas<br \/>\n\u016adens, glicer\u012bns, dipropil\u0113nglikols, niac\u012bnam\u012bds, alkohols, 1,2-heksandiols, Peg\/Ppg-17\/6 kopolim\u0113rs, koplopentasiloks\u0101ns, silikons, dimetikons, cikloheksasiloks\u0101ns, pantenols, beta\u012bns, Peg-60 hidrogen\u0113ta r\u012bcine\u013c\u013ca, amonija akriloksidimetiltaur\u0101ta\/Vp kopolim\u0113rs, kaprilglikols, akril\u0101tu\/C10-30 alkilakril\u0101ta \u0161\u0137\u0113rspolim\u0113rs, trometam\u012bns, la\u0161a e\u013c\u013ca (0,1%), adenoz\u012bns, din\u0101trija edta, alanto\u012bns, n\u0101trija hialuron\u0101ts, butil\u0113nglikols, karbom\u0113rs, polisorb\u0101ts 20, palmitoiltripept\u012bds-5, acetilheksapept\u012bds-8, vara tripept\u012bds-1, palmitoil tripept\u012bds-1, palmitoil tetrapept\u012bds-7, palmitoil dipept\u012bds-7, palmitoil heksapept\u012bds-12, palmitoil pentapept\u012bds-4, fenoksietanols, Ci 15985, Ci 17200, smar\u017evielas.<\/p>","protected":false},"featured_media":5222,"template":"","meta":{"om_disable_all_campaigns":false,"_monsterinsights_skip_tracking":false,"_monsterinsights_sitenote_active":false,"_monsterinsights_sitenote_note":"","_monsterinsights_sitenote_category":0},"product_cat":[15,71],"product_tag":[],"aioseo_notices":[],"_links":{"self":[{"href":"https:\/\/softskinshop.net\/lv\/wp-json\/wp\/v2\/product\/5096"}],"collection":[{"href":"https:\/\/softskinshop.net\/lv\/wp-json\/wp\/v2\/product"}],"about":[{"href":"https:\/\/softskinshop.net\/lv\/wp-json\/wp\/v2\/types\/product"}],"wp:featuredmedia":[{"embeddable":true,"href":"https:\/\/softskinshop.net\/lv\/wp-json\/wp\/v2\/media\/5222"}],"wp:attachment":[{"href":"https:\/\/softskinshop.net\/lv\/wp-json\/wp\/v2\/media?parent=5096"}],"wp:term":[{"taxonomy":"product_cat","embeddable":true,"href":"https:\/\/softskinshop.net\/lv\/wp-json\/wp\/v2\/product_cat?post=5096"},{"taxonomy":"product_tag","embeddable":true,"href":"https:\/\/softskinshop.net\/lv\/wp-json\/wp\/v2\/product_tag?post=5096"}],"curies":[{"name":"wp","href":"https:\/\/api.w.org\/{rel}","templated":true}]}}