{"id":9158,"date":"2025-05-23T11:16:59","date_gmt":"2025-05-23T11:16:59","guid":{"rendered":"https:\/\/softskinshop.net\/?page_id=9158"},"modified":"2025-05-23T11:17:05","modified_gmt":"2025-05-23T11:17:05","slug":"delivery-policy","status":"publish","type":"page","link":"https:\/\/softskinshop.net\/lv\/delivery-policy\/","title":{"rendered":"Pieg\u0101des politika"},"content":{"rendered":"<p><strong>Pieg\u0101des politika<\/strong><\/p>\n\n\n\n<p>P\u0113d\u0113jo reizi atjaunin\u0101ts: [23.05.2025]<\/p>\n\n\n\n<p>Paldies, ka iep\u0113rkaties <strong>M\u012bkstas \u0101das veikals<\/strong>!<br>M\u0113s pied\u0101v\u0101jam \u0113rtas pieg\u0101des iesp\u0113jas, lai j\u016bs dro\u0161i un dro\u0161i sa\u0146emtu savu iecien\u012bt\u0101ko korejie\u0161u kosm\u0113tiku.<\/p>\n\n\n\n<hr class=\"wp-block-separator has-alpha-channel-opacity\"\/>\n\n\n\n<h3 class=\"wp-block-heading\">1. Pieg\u0101des apgabali<\/h3>\n\n\n\n<p>Pa\u0161laik m\u0113s pieg\u0101d\u0101jam uz \u0161\u0101d\u0101m valst\u012bm:<\/p>\n\n\n\n<ul>\n<li><strong>Latvija<\/strong><\/li>\n\n\n\n<li><strong>Lietuva<\/strong><\/li>\n\n\n\n<li><strong>Igaunija<\/strong><\/li>\n<\/ul>\n\n\n\n<hr class=\"wp-block-separator has-alpha-channel-opacity\"\/>\n\n\n\n<h3 class=\"wp-block-heading\">2. Pieg\u0101des metode<\/h3>\n\n\n\n<p>M\u0113s nos\u016bt\u0101m visus pas\u016bt\u012bjumus, izmantojot <strong>Omniva paku glab\u0101tuves<\/strong>.<br>P\u0113c pas\u016bt\u012bjuma nos\u016bt\u012b\u0161anas j\u016bs e-past\u0101 vai \u012bszi\u0146\u0101 sa\u0146emsiet izseko\u0161anas numuru un sl\u0113dzenes inform\u0101ciju.<\/p>\n\n\n\n<hr class=\"wp-block-separator has-alpha-channel-opacity\"\/>\n\n\n\n<h3 class=\"wp-block-heading\">3. Apstr\u0101des un pieg\u0101des laiks<\/h3>\n\n\n\n<ul>\n<li>Pas\u016bt\u012bjumi parasti ir <strong>apstr\u0101d\u0101ti un nos\u016bt\u012bti 7 dienu laik\u0101<\/strong> p\u0113c maks\u0101juma apstiprin\u0101\u0161anas.<\/li>\n\n\n\n<li>Pieg\u0101de parasti aiz\u0146em <strong>1-3 darba dienas<\/strong> p\u0113c nos\u016bt\u012b\u0161anas atkar\u012bb\u0101 no j\u016bsu atra\u0161an\u0101s vietas.<\/li>\n<\/ul>\n\n\n\n<hr class=\"wp-block-separator has-alpha-channel-opacity\"\/>\n\n\n\n<h3 class=\"wp-block-heading\">4. Pa\u0146em\u0161anas opcija<\/h3>\n\n\n\n<p>Vai v\u0113laties sa\u0146emt pas\u016bt\u012bjumu pats? Nav probl\u0113mu!<br>J\u016bs varat sa\u0146emt savus produktus tie\u0161i no m\u016bsu biroja R\u012bg\u0101 - vienk\u0101r\u0161i <strong>zvaniet mums iepriek\u0161<\/strong> lai pl\u0101notu sav\u0101k\u0161anu:<\/p>\n\n\n\n<p><strong>T\u0101lrunis:<\/strong> +371 29244396<br><strong>Adrese:<\/strong> Strengu iela 8, R\u012bga, LV-1063, Latvija<\/p>\n\n\n\n<hr class=\"wp-block-separator has-alpha-channel-opacity\"\/>\n\n\n\n<h3 class=\"wp-block-heading\">5. Sazinieties ar<\/h3>\n\n\n\n<p>Ja jums ir k\u0101di jaut\u0101jumi vai \u012bpa\u0161i piepras\u012bjumi par pieg\u0101di, sazinieties ar mums:<\/p>\n\n\n\n<p><strong>E-pasts:<\/strong> <a>softskinshopeu@gmail.com<\/a><br><strong>T\u0101lrunis:<\/strong> +371 29244396<\/p>","protected":false},"excerpt":{"rendered":"<p>Pieg\u0101des politika P\u0113d\u0113jo reizi atjaunin\u0101ts: [M\u0113s pied\u0101v\u0101jam \u0113rtas pieg\u0101des iesp\u0113jas, lai nodro\u0161in\u0101tu, ka savu iecien\u012bt\u0101ko korejie\u0161u kosm\u0113tiku sa\u0146emat dro\u0161i un dro\u0161i. 1. Pieg\u0101des apgabali Pa\u0161laik m\u0113s pieg\u0101d\u0101jam uz \u0161\u0101d\u0101m valst\u012bm: 2. Pieg\u0101de [...]<\/p>","protected":false},"author":2,"featured_media":0,"parent":0,"menu_order":0,"comment_status":"closed","ping_status":"closed","template":"","meta":{"om_disable_all_campaigns":false,"_monsterinsights_skip_tracking":false,"_monsterinsights_sitenote_active":false,"_monsterinsights_sitenote_note":"","_monsterinsights_sitenote_category":0,"footnotes":""},"aioseo_notices":[],"_links":{"self":[{"href":"https:\/\/softskinshop.net\/lv\/wp-json\/wp\/v2\/pages\/9158"}],"collection":[{"href":"https:\/\/softskinshop.net\/lv\/wp-json\/wp\/v2\/pages"}],"about":[{"href":"https:\/\/softskinshop.net\/lv\/wp-json\/wp\/v2\/types\/page"}],"author":[{"embeddable":true,"href":"https:\/\/softskinshop.net\/lv\/wp-json\/wp\/v2\/users\/2"}],"replies":[{"embeddable":true,"href":"https:\/\/softskinshop.net\/lv\/wp-json\/wp\/v2\/comments?post=9158"}],"version-history":[{"count":1,"href":"https:\/\/softskinshop.net\/lv\/wp-json\/wp\/v2\/pages\/9158\/revisions"}],"predecessor-version":[{"id":9159,"href":"https:\/\/softskinshop.net\/lv\/wp-json\/wp\/v2\/pages\/9158\/revisions\/9159"}],"wp:attachment":[{"href":"https:\/\/softskinshop.net\/lv\/wp-json\/wp\/v2\/media?parent=9158"}],"curies":[{"name":"wp","href":"https:\/\/api.w.org\/{rel}","templated":true}]}}