{"id":9150,"date":"2025-05-23T11:09:16","date_gmt":"2025-05-23T11:09:16","guid":{"rendered":"https:\/\/softskinshop.net\/?page_id=9150"},"modified":"2025-05-23T11:09:31","modified_gmt":"2025-05-23T11:09:31","slug":"return-and-refund-policy","status":"publish","type":"page","link":"https:\/\/softskinshop.net\/lv\/return-and-refund-policy\/","title":{"rendered":"Atgrie\u0161anas un atmaksas politika"},"content":{"rendered":"<p>P\u0113d\u0113jo reizi atjaunin\u0101ts: [23.05.2025]<\/p>\n\n\n\n<p>Paldies, ka iep\u0113rkaties <a class=\"\" href=\"https:\/\/softskinshop.net\/lv\/\">https:\/\/softskinshop.net<\/a>.<br>M\u0113s v\u0113lamies, lai j\u016bs b\u016btu piln\u012bb\u0101 apmierin\u0101ts ar savu pirkumu. Ja kaut kas nav k\u0101rt\u012bb\u0101, j\u016bs varat atgriezt produktus saska\u0146\u0101 ar turpm\u0101k aprakst\u012btajiem noteikumiem.<\/p>\n\n\n\n<hr class=\"wp-block-separator has-alpha-channel-opacity\"\/>\n\n\n\n<h3 class=\"wp-block-heading\">1. Izst\u0101\u0161an\u0101s (atgrie\u0161an\u0101s) ties\u012bbas<\/h3>\n\n\n\n<p>Ja p\u0101rdom\u0101jat, jums ir ties\u012bbas atgriezt pas\u016bt\u012bjumu laik\u0101. <strong>14 dienas<\/strong> t\u0101s sa\u0146em\u0161anas br\u012bd\u012b saska\u0146\u0101 ar <strong>Latvijas Republikas Pat\u0113r\u0113t\u0101ju ties\u012bbu aizsardz\u012bbas likums<\/strong>.<\/p>\n\n\n\n<p><strong>Atgrie\u0161an\u0101s nosac\u012bjumi:<\/strong><\/p>\n\n\n\n<ul>\n<li>Priek\u0161metiem j\u0101b\u016bt <strong>neizmantots<\/strong>, <strong>neatv\u0113rt\u0101<\/strong>, un to <strong>ori\u0123in\u0101lais iepakojums<\/strong>.<\/li>\n\n\n\n<li>Atv\u0113rti, test\u0113ti vai lietoti produkti. <strong>nevar atdot atpaka\u013c<\/strong> higi\u0113nas apsv\u0113rumu d\u0113\u013c.<\/li>\n\n\n\n<li>Jums par savu l\u0113mumu atgriezt preci j\u0101pazi\u0146o mums pa e-pastu 14 dienu laik\u0101.<\/li>\n<\/ul>\n\n\n\n<hr class=\"wp-block-separator has-alpha-channel-opacity\"\/>\n\n\n\n<h3 class=\"wp-block-heading\">2. K\u0101 piepras\u012bt atgrie\u0161anu<\/h3>\n\n\n\n<p>Lai piepras\u012btu atgrie\u0161anu, l\u016bdzu, sazinieties ar mums pa t\u0101lruni:<br><strong>E-pasts:<\/strong> <a>softskinshopeu@gmail.com<\/a><br>Iek\u013caut savu <strong>pas\u016bt\u012bjuma numurs<\/strong>, un <strong>prece(-es), ko v\u0113laties atdot<\/strong>, un <strong>atgrie\u0161anas iemesls<\/strong>.<\/p>\n\n\n\n<p>Kad atgrie\u0161ana b\u016bs apstiprin\u0101ta, m\u0113s sniegsim nor\u0101d\u012bjumus, k\u0101 nos\u016bt\u012bt preci(-es) atpaka\u013c.<\/p>\n\n\n\n<hr class=\"wp-block-separator has-alpha-channel-opacity\"\/>\n\n\n\n<h3 class=\"wp-block-heading\">3. Atpaka\u013cnos\u016bt\u012b\u0161ana<\/h3>\n\n\n\n<ul>\n<li>Par atpaka\u013cnos\u016bt\u012b\u0161anas izmaks\u0101m ir atbild\u012bgs klients.<\/li>\n\n\n\n<li>M\u0113s iesak\u0101m izmantot izsekojamu pieg\u0101des pakalpojumu; m\u0113s neesam atbild\u012bgi par nozaud\u0113tiem atpaka\u013c s\u016bt\u012bjumiem.<\/li>\n\n\n\n<li>Ja atgrie\u0161anas iemesls ir m\u016bsu k\u013c\u016bda (piem\u0113ram, nepareiza vai boj\u0101ta prece), m\u0113s segsim atpaka\u013cnos\u016bt\u012b\u0161anas izmaksas.<\/li>\n<\/ul>\n\n\n\n<hr class=\"wp-block-separator has-alpha-channel-opacity\"\/>\n\n\n\n<h3 class=\"wp-block-heading\">4. Kompens\u0101cijas<\/h3>\n\n\n\n<ul>\n<li>P\u0113c tam, kad b\u016bsim sa\u0146\u0113mu\u0161i un p\u0101rbaud\u012bju\u0161i j\u016bsu atgriezt\u0101s preces, m\u0113s jums pazi\u0146osim par atmaksas statusu.<\/li>\n\n\n\n<li>Apstiprin\u0101t\u0101s kompens\u0101cijas tiks apstr\u0101d\u0101tas uz j\u016bsu s\u0101kotn\u0113jo maks\u0101juma metodi laik\u0101. <strong>14 dienas<\/strong>.<\/li>\n\n\n\n<li>Pieg\u0101des izmaksas (ja t\u0101das ir) ir <strong>neatmaks\u0101jams<\/strong>, ja vien atgrie\u0161anas iemesls nav m\u016bsu k\u013c\u016bda.<\/li>\n<\/ul>\n\n\n\n<hr class=\"wp-block-separator has-alpha-channel-opacity\"\/>\n\n\n\n<h3 class=\"wp-block-heading\">5. Boj\u0101ti vai nepareizi priek\u0161meti<\/h3>\n\n\n\n<p>Ja sa\u0146emat boj\u0101tu vai nepareizu preci, l\u016bdzu, sazinieties ar mums. <strong>48 stundu laik\u0101<\/strong> par pieg\u0101di, pievienojot fotoatt\u0113lus un probl\u0113mas aprakstu. M\u0113s pied\u0101v\u0101sim aizvieto\u0161anu vai pilnu naudas atmaksu, ieskaitot pieg\u0101di, atkar\u012bb\u0101 no situ\u0101cijas.<\/p>\n\n\n\n<hr class=\"wp-block-separator has-alpha-channel-opacity\"\/>\n\n\n\n<h3 class=\"wp-block-heading\">6. Apmai\u0146as<\/h3>\n\n\n\n<p>M\u0113s nepied\u0101v\u0101jam tie\u0161u apmai\u0146u. Ja v\u0113laties nomain\u012bt produktu, l\u016bdzu, atdodiet atpaka\u013c nev\u0113lamo preci un veiciet jaunu pas\u016bt\u012bjumu atsevi\u0161\u0137i.<\/p>\n\n\n\n<hr class=\"wp-block-separator has-alpha-channel-opacity\"\/>\n\n\n\n<h3 class=\"wp-block-heading\">7. Sazinieties ar mums<\/h3>\n\n\n\n<p>Ja jums ir k\u0101di jaut\u0101jumi par m\u016bsu atgrie\u0161anas politiku, sazinieties ar mums:<\/p>\n\n\n\n<p><strong>SIA VLPS<\/strong><br>Strengu iela 8, R\u012bga, LV-1063, Latvija<br><strong>E-pasts:<\/strong> <a>softskinshopeu@gmail.com<\/a><br><strong>T\u0101lrunis:<\/strong> +371 29244396<\/p>","protected":false},"excerpt":{"rendered":"<p>Last updated: [23.05.2025] Thank you for shopping at https:\/\/softskinshop.net.We want you to be fully satisfied with your purchase. If something isn\u2019t right, you can return products under the terms described below. 1. Right of Withdrawal (Return) If you change your [&hellip;]<\/p>","protected":false},"author":2,"featured_media":0,"parent":0,"menu_order":0,"comment_status":"closed","ping_status":"closed","template":"","meta":{"om_disable_all_campaigns":false,"_monsterinsights_skip_tracking":false,"_monsterinsights_sitenote_active":false,"_monsterinsights_sitenote_note":"","_monsterinsights_sitenote_category":0,"footnotes":""},"aioseo_notices":[],"_links":{"self":[{"href":"https:\/\/softskinshop.net\/lv\/wp-json\/wp\/v2\/pages\/9150"}],"collection":[{"href":"https:\/\/softskinshop.net\/lv\/wp-json\/wp\/v2\/pages"}],"about":[{"href":"https:\/\/softskinshop.net\/lv\/wp-json\/wp\/v2\/types\/page"}],"author":[{"embeddable":true,"href":"https:\/\/softskinshop.net\/lv\/wp-json\/wp\/v2\/users\/2"}],"replies":[{"embeddable":true,"href":"https:\/\/softskinshop.net\/lv\/wp-json\/wp\/v2\/comments?post=9150"}],"version-history":[{"count":2,"href":"https:\/\/softskinshop.net\/lv\/wp-json\/wp\/v2\/pages\/9150\/revisions"}],"predecessor-version":[{"id":9153,"href":"https:\/\/softskinshop.net\/lv\/wp-json\/wp\/v2\/pages\/9150\/revisions\/9153"}],"wp:attachment":[{"href":"https:\/\/softskinshop.net\/lv\/wp-json\/wp\/v2\/media?parent=9150"}],"curies":[{"name":"wp","href":"https:\/\/api.w.org\/{rel}","templated":true}]}}