{"id":824,"date":"2019-08-12T12:52:55","date_gmt":"2019-08-12T12:52:55","guid":{"rendered":"https:\/\/biagiotti.qodeinteractive.com\/elementor\/?page_id=824"},"modified":"2022-12-20T09:46:24","modified_gmt":"2022-12-20T09:46:24","slug":"contact-us","status":"publish","type":"page","link":"https:\/\/softskinshop.net\/lv\/contact-us\/","title":{"rendered":"Sazinies ar mums"},"content":{"rendered":"<div data-elementor-type=\"wp-page\" data-elementor-id=\"824\" class=\"elementor elementor-824\">\n\t\t\t\t\t\t<section class=\"elementor-section elementor-top-section elementor-element elementor-element-a2fd849 elementor-section-full_width elementor-section-height-default elementor-section-height-default mkdf-parallax-row-no mkdf-content-aligment-left mkdf-row-grid-no mkdf-disabled-bg-image-bellow-no\" data-id=\"a2fd849\" data-element_type=\"section\" data-settings=\"{&quot;background_background&quot;:&quot;classic&quot;}\">\n\t\t\t\t\t\t<div class=\"elementor-container elementor-column-gap-default\">\n\t\t\t\t\t<div class=\"elementor-column elementor-col-100 elementor-top-column elementor-element elementor-element-b855cb8\" data-id=\"b855cb8\" data-element_type=\"column\">\n\t\t\t<div class=\"elementor-widget-wrap elementor-element-populated\">\n\t\t\t\t\t\t<section class=\"elementor-section elementor-inner-section elementor-element elementor-element-78503cd mkdf-row-grid-section elementor-section-boxed elementor-section-height-default elementor-section-height-default mkdf-parallax-row-no mkdf-content-aligment-left mkdf-disabled-bg-image-bellow-no\" data-id=\"78503cd\" data-element_type=\"section\" data-settings=\"{&quot;background_background&quot;:&quot;classic&quot;}\">\n\t\t\t\t\t\t<div class=\"elementor-container elementor-column-gap-default\">\n\t\t\t\t\t<div class=\"elementor-column elementor-col-50 elementor-inner-column elementor-element elementor-element-b28586c\" data-id=\"b28586c\" data-element_type=\"column\">\n\t\t\t<div class=\"elementor-widget-wrap elementor-element-populated\">\n\t\t\t\t\t\t<div class=\"elementor-element elementor-element-0228f38 elementor-widget elementor-widget-text-editor\" data-id=\"0228f38\" data-element_type=\"widget\" data-widget_type=\"text-editor.default\">\n\t\t\t\t<div class=\"elementor-widget-container\">\n\t\t\t<style>\/*! elementor - v3.23.0 - 15-07-2024 *\/\n.elementor-widget-text-editor.elementor-drop-cap-view-stacked .elementor-drop-cap{background-color:#69727d;color:#fff}.elementor-widget-text-editor.elementor-drop-cap-view-framed .elementor-drop-cap{color:#69727d;border:3px solid;background-color:transparent}.elementor-widget-text-editor:not(.elementor-drop-cap-view-default) .elementor-drop-cap{margin-top:8px}.elementor-widget-text-editor:not(.elementor-drop-cap-view-default) .elementor-drop-cap-letter{width:1em;height:1em}.elementor-widget-text-editor .elementor-drop-cap{float:left;text-align:center;line-height:1;font-size:50px}.elementor-widget-text-editor .elementor-drop-cap-letter{display:inline-block}<\/style>\t\t\t\t<h4 style=\"text-align: center;\">R\u012bga<\/h4>\t\t\t\t\t\t<\/div>\n\t\t\t\t<\/div>\n\t\t\t\t<div class=\"elementor-element elementor-element-7f80664 mkdf-link-colors-inverted elementor-widget elementor-widget-text-editor\" data-id=\"7f80664\" data-element_type=\"widget\" data-widget_type=\"text-editor.default\">\n\t\t\t\t<div class=\"elementor-widget-container\">\n\t\t\t\t\t\t\t<p style=\"line-height: 1.5em; text-align: center; margin-bottom: -12px;\">Adrese: <strong>Strengu iela 8, R\u012bga, LV-1063<\/strong><\/p><p style=\"line-height: 1.5em; text-align: center; margin-bottom: -12px;\">E-pasts: <a href=\"mailto:softskinshopeu@gmail.com\">softskinshopeu@gmail.com<\/a><\/p><p style=\"line-height: 1.5em; text-align: center; margin-bottom: -12px;\">T\u0101lrunis: <a href=\"tel: 994117253912\" target=\"_blank\" rel=\"noopener noreferrer\">+371 29244396<\/a><\/p>\t\t\t\t\t\t<\/div>\n\t\t\t\t<\/div>\n\t\t\t\t\t<\/div>\n\t\t<\/div>\n\t\t\t\t<div class=\"elementor-column elementor-col-50 elementor-inner-column elementor-element elementor-element-f5ade84\" data-id=\"f5ade84\" data-element_type=\"column\">\n\t\t\t<div class=\"elementor-widget-wrap elementor-element-populated\">\n\t\t\t\t\t\t<div class=\"elementor-element elementor-element-1795cce elementor-widget elementor-widget-text-editor\" data-id=\"1795cce\" data-element_type=\"widget\" data-widget_type=\"text-editor.default\">\n\t\t\t\t<div class=\"elementor-widget-container\">\n\t\t\t\t\t\t\t<h4 style=\"text-align: center;\">Eirop\u0101<\/h4>\t\t\t\t\t\t<\/div>\n\t\t\t\t<\/div>\n\t\t\t\t<div class=\"elementor-element elementor-element-28b1c3b mkdf-link-colors-inverted elementor-widget elementor-widget-text-editor\" data-id=\"28b1c3b\" data-element_type=\"widget\" data-widget_type=\"text-editor.default\">\n\t\t\t\t<div class=\"elementor-widget-container\">\n\t\t\t\t\t\t\t<p style=\"line-height: 1.5em; text-align: center; margin-bottom: -12px;\">M\u0113s apstr\u0101d\u0101jam pas\u016bt\u012bjumus Eirop\u0101<\/p><p style=\"line-height: 1.5em; text-align: center; margin-bottom: -12px;\">E-pasts: <a href=\"mailto:softskinshopeu@gmail.com\">softskinshopeu@gmail.com<\/a><\/p><p style=\"line-height: 1.5em; text-align: center; margin-bottom: -12px;\">T\u0101lrunis: <a href=\"tel: 994117253912\" target=\"_blank\" rel=\"noopener noreferrer\">+371 29244396<\/a><\/p>\t\t\t\t\t\t<\/div>\n\t\t\t\t<\/div>\n\t\t\t\t\t<\/div>\n\t\t<\/div>\n\t\t\t\t\t<\/div>\n\t\t<\/section>\n\t\t\t\t\t<\/div>\n\t\t<\/div>\n\t\t\t\t\t<\/div>\n\t\t<\/section>\n\t\t\t\t<section class=\"elementor-section elementor-top-section elementor-element elementor-element-c47740d elementor-section-full_width elementor-section-height-default elementor-section-height-default mkdf-parallax-row-no mkdf-content-aligment-left mkdf-row-grid-no mkdf-disabled-bg-image-bellow-no\" data-id=\"c47740d\" data-element_type=\"section\" data-settings=\"{&quot;background_background&quot;:&quot;classic&quot;}\">\n\t\t\t\t\t\t<div class=\"elementor-container elementor-column-gap-default\">\n\t\t\t\t\t<div class=\"elementor-column elementor-col-50 elementor-top-column elementor-element elementor-element-34f90b9\" data-id=\"34f90b9\" data-element_type=\"column\" data-settings=\"{&quot;background_background&quot;:&quot;classic&quot;}\">\n\t\t\t<div class=\"elementor-widget-wrap elementor-element-populated\">\n\t\t\t\t\t\t<div class=\"elementor-element elementor-element-24a8361 elementor-widget elementor-widget-mkdf_section_title\" data-id=\"24a8361\" data-element_type=\"widget\" data-widget_type=\"mkdf_section_title.default\">\n\t\t\t\t<div class=\"elementor-widget-container\">\n\t\t\t<div class=\"mkdf-section-title-holder  mkdf-st-top-tagline-position\" >\n\t<div class=\"mkdf-st-inner\">\n\t\t\t\t\t\t\t<span class=\"mkdf-st-tagline\" style=\"color: #E5E5E5\">\n\t\t\t\tsoftskin veikals\t\t\t<\/span>\n\t\t\t\t\t\t\t<h2 class=\"mkdf-st-title\" >\n\t\t\t\tJaut\u0101jiet mums jebko\t\t\t<\/h2>\n\t\t\t\t\t\t\t\t\t\t\t\t\t<\/div>\n<\/div>\t\t<\/div>\n\t\t\t\t<\/div>\n\t\t\t\t<div class=\"elementor-element elementor-element-2dd3933 elementor-widget elementor-widget-mkdf_cf7\" data-id=\"2dd3933\" data-element_type=\"widget\" data-widget_type=\"mkdf_cf7.default\">\n\t\t\t\t<div class=\"elementor-widget-container\">\n\t\t\t    \n<div class=\"wpcf7 no-js\" id=\"wpcf7-f3051-o1\" lang=\"en-US\" dir=\"ltr\">\n<div class=\"screen-reader-response\"><p role=\"status\" aria-live=\"polite\" aria-atomic=\"true\"><\/p> <ul><\/ul><\/div>\n<form action=\"\/lv\/wp-json\/wp\/v2\/pages\/824#wpcf7-f3051-o1\" method=\"post\" class=\"wpcf7-form init cf7_custom_style_2\" aria-label=\"Kontaktinform\u0101cija\" novalidate=\"novalidate\" data-status=\"init\" data-trp-original-action=\"\/lv\/wp-json\/wp\/v2\/pages\/824#wpcf7-f3051-o1\">\n<div style=\"display: none;\">\n<input type=\"hidden\" name=\"_wpcf7\" value=\"3051\" \/>\n<input type=\"hidden\" name=\"_wpcf7_version\" value=\"5.9.7\" \/>\n<input type=\"hidden\" name=\"_wpcf7_locale\" value=\"en_US\" \/>\n<input type=\"hidden\" name=\"_wpcf7_unit_tag\" value=\"wpcf7-f3051-o1\" \/>\n<input type=\"hidden\" name=\"_wpcf7_container_post\" value=\"0\" \/>\n<input type=\"hidden\" name=\"_wpcf7_posted_data_hash\" value=\"\" \/>\n<\/div>\n<span class=\"wpcf7-form-control-wrap\" data-name=\"your-email\"><input size=\"40\" maxlength=\"400\" class=\"wpcf7-form-control wpcf7-email wpcf7-validates-as-required wpcf7-text wpcf7-validates-as-email\" aria-required=\"true\" aria-invalid=\"false\" placeholder=\"E-pasts*\" value=\"\" type=\"email\" name=\"your-email\" \/><\/span>\n\n<span class=\"wpcf7-form-control-wrap\" data-name=\"your-message\"><textarea cols=\"40\" rows=\"10\" maxlength=\"2000\" class=\"wpcf7-form-control wpcf7-textarea\" aria-invalid=\"false\" placeholder=\"J\u016bsu koment\u0101rs\" name=\"your-message\"><\/textarea><\/span>\n\n<div><button type=\"submit\" class=\"wpcf7-form-control wpcf7-submit mkdf-btn mkdf-btn-default\"><span class=\"mkdf-btn-text\">Iesniegt<\/span><\/button><\/div><p style=\"display: none !important;\" class=\"akismet-fields-container\" data-prefix=\"_wpcf7_ak_\"><label>&#916;<textarea name=\"_wpcf7_ak_hp_textarea\" cols=\"45\" rows=\"8\" maxlength=\"100\"><\/textarea><\/label><input type=\"hidden\" id=\"ak_js_1\" name=\"_wpcf7_ak_js\" value=\"67\"\/><script>document.getElementById( \"ak_js_1\" ).setAttribute( \"value\", ( new Date() ).getTime() );<\/script><\/p><div class=\"wpcf7-response-output\" aria-hidden=\"true\"><\/div>\n<input type=\"hidden\" name=\"trp-form-language\" value=\"lv\"\/><\/form>\n<\/div>\n\t\t<\/div>\n\t\t\t\t<\/div>\n\t\t\t\t\t<\/div>\n\t\t<\/div>\n\t\t\t\t<div class=\"elementor-column elementor-col-50 elementor-top-column elementor-element elementor-element-1912fdd\" data-id=\"1912fdd\" data-element_type=\"column\">\n\t\t\t<div class=\"elementor-widget-wrap elementor-element-populated\">\n\t\t\t\t\t\t<div class=\"elementor-element elementor-element-0ddaed7 elementor-widget elementor-widget-mkdf_google_map\" data-id=\"0ddaed7\" data-element_type=\"widget\" data-widget_type=\"mkdf_google_map.default\">\n\t\t\t\t<div class=\"elementor-widget-container\">\n\t\t\t<div class=\"mkdf-google-map-holder\">\n\t\t<div class=\"mkdf-google-map\" id=\"mkdf-map-846074\" data-addresses='[\"1212 6th Ave, New York, NY 10036, USA\"]' data-custom-map-style= \"data-color-overlay=\" data-saturation= \"data-lightness=\" data-zoom=\"11\" data-pin=\"https:\/\/softskinshop.net\/wp-content\/uploads\/2019\/09\/pin.png\" data-unique-id=\"846074\" data-scroll-wheel=\"no\" data-height=\"730\" data-snazzy-map-style=\"yes\"><\/div>\n\t\t\t\t\t<input type=\"hidden\" class=\"mkdf-snazzy-map\" value=\"`{`{``featureType``: ``all``,``elementType``: ``labels.text.fill``,``stylers``: `{`{``saturation``: 36},{``color``: ``#333333``},{``lightness``: 40}`}`},{``featureType``: ``all``,``elementType``: ``labels.text.stroke``,``stylers``: `{`{``visibility``: ``on``},{``color``: ``#ffffff``},{``lightness``: 16}`}`},{``featureType``: ``all``,``elementType``: ``labels.icon``,``stylers``: `{`{``visibility``: ``off``}`}`},{``featureType``: ``administrative``,``elementType``: ``geometry.fill``,``stylers``: `{`{``color``: ``#fefefe``},{``lightness``: 20}`}`},{``featureType``: ``administrative``,``elementType``: ``geometry.stroke``,``stylers``: `{`{``color``: ``#fefefe``},{``lightness``: 17},{``weight``: 1.2}`}`},{``featureType``: ``landscape``,``elementType``: ``geometry``,``stylers``: `{`{``color``: ``#f5f5f5``},{``lightness``: 20}`}`},{``featureType``: ``poi``,``elementType``: ``geometry``,``stylers``: `{`{``color``: ``#f5f5f5``},{``lightness``: 21}`}`},{``featureType``: ``poi.park``,``elementType``: ``geometry``,``stylers``: `{`{``color``: ``#dedede``},{``lightness``: 21}`}`},{``featureType``: ``road.highway``,``elementType``: ``geometry.fill``,``stylers``: `{`{``color``: ``#ffffff``},{``lightness``: 17}`}`},{``featureType``: ``road.highway``,``elementType``: ``geometry.stroke``,``stylers``: `{`{``color``: ``#ffffff``},{``lightness``: 29},{``weight``: 0.2}`}`},{``featureType``: ``road.arterial``,``elementType``: ``geometry``,``stylers``: `{`{``color``: ``#ffffff``},{``lightness``: 18}`}`},{``featureType``: ``road.local``,``elementType``: ``geometry``,``stylers``: `{`{``color``: ``#ffffff``},{``lightness``: 16}`}`},{``featureType``: ``transit``,``elementType``: ``geometry``,``stylers``: `{`{``color``: ``#f2f2f2``},{``lightness``: 19}`}`},{``featureType``: ``water``,``elementType``: ``geometry``,``stylers``: `{`{``color``: ``#e9e9e9``},{``lightness``: 17}`}`}`}`\"\/>\n\t\t\t\t<div class=\"mkdf-google-map-overlay\"><\/div>\n\t<\/div>\t\t<\/div>\n\t\t\t\t<\/div>\n\t\t\t\t\t<\/div>\n\t\t<\/div>\n\t\t\t\t\t<\/div>\n\t\t<\/section>\n\t\t\t\t<\/div>","protected":false},"excerpt":{"rendered":"<p>R\u012bgas adrese: Strengu iela 8, R\u012bga, LV-1063 E-pasts: softskinshopeu@gmail.com T\u0101lrunis: +371 29244396 Eiropa Apstr\u0101d\u0101jam pas\u016bt\u012bjumus Eirop\u0101 E-pasts: softskinshopeu@gmail.com T\u0101lrunis: +371 29244396 softskinshop Jaut\u0101jiet mums jebko Nos\u016bt\u012bt e-pastu<\/p>","protected":false},"author":1,"featured_media":0,"parent":0,"menu_order":0,"comment_status":"closed","ping_status":"closed","template":"full-width.php","meta":{"om_disable_all_campaigns":false,"_monsterinsights_skip_tracking":false,"_monsterinsights_sitenote_active":false,"_monsterinsights_sitenote_note":"","_monsterinsights_sitenote_category":0,"footnotes":""},"aioseo_notices":[],"_links":{"self":[{"href":"https:\/\/softskinshop.net\/lv\/wp-json\/wp\/v2\/pages\/824"}],"collection":[{"href":"https:\/\/softskinshop.net\/lv\/wp-json\/wp\/v2\/pages"}],"about":[{"href":"https:\/\/softskinshop.net\/lv\/wp-json\/wp\/v2\/types\/page"}],"author":[{"embeddable":true,"href":"https:\/\/softskinshop.net\/lv\/wp-json\/wp\/v2\/users\/1"}],"replies":[{"embeddable":true,"href":"https:\/\/softskinshop.net\/lv\/wp-json\/wp\/v2\/comments?post=824"}],"version-history":[{"count":13,"href":"https:\/\/softskinshop.net\/lv\/wp-json\/wp\/v2\/pages\/824\/revisions"}],"predecessor-version":[{"id":5624,"href":"https:\/\/softskinshop.net\/lv\/wp-json\/wp\/v2\/pages\/824\/revisions\/5624"}],"wp:attachment":[{"href":"https:\/\/softskinshop.net\/lv\/wp-json\/wp\/v2\/media?parent=824"}],"curies":[{"name":"wp","href":"https:\/\/api.w.org\/{rel}","templated":true}]}}