{"id":1307,"date":"2019-08-16T09:17:14","date_gmt":"2019-08-16T09:17:14","guid":{"rendered":"https:\/\/biagiotti.qodeinteractive.com\/elementor\/?page_id=1307"},"modified":"2022-12-14T17:30:52","modified_gmt":"2022-12-14T17:30:52","slug":"about-us","status":"publish","type":"page","link":"https:\/\/softskinshop.net\/lv\/about-us\/","title":{"rendered":"Par mums"},"content":{"rendered":"<div data-elementor-type=\"wp-page\" data-elementor-id=\"1307\" class=\"elementor elementor-1307\">\n\t\t\t\t\t\t<section class=\"elementor-section elementor-top-section elementor-element elementor-element-84067ca elementor-section-full_width elementor-section-height-default elementor-section-height-default mkdf-parallax-row-no mkdf-content-aligment-left mkdf-row-grid-no mkdf-disabled-bg-image-bellow-no\" data-id=\"84067ca\" data-element_type=\"section\">\n\t\t\t\t\t\t<div class=\"elementor-container elementor-column-gap-default\">\n\t\t\t\t\t<div class=\"elementor-column elementor-col-100 elementor-top-column elementor-element elementor-element-50154b2\" data-id=\"50154b2\" data-element_type=\"column\">\n\t\t\t<div class=\"elementor-widget-wrap elementor-element-populated\">\n\t\t\t\t\t\t<div class=\"elementor-element elementor-element-00278ba elementor-widget elementor-widget-mkdf_single_image\" data-id=\"00278ba\" data-element_type=\"widget\" data-widget_type=\"mkdf_single_image.default\">\n\t\t\t\t<div class=\"elementor-widget-container\">\n\t\t\t<div class=\"mkdf-single-image-holder\">\n    <div class=\"mkdf-si-inner\" >\n                                    <img fetchpriority=\"high\" decoding=\"async\" width=\"2560\" height=\"547\" src=\"https:\/\/softskinshop.net\/wp-content\/uploads\/2022\/12\/ABOUT-US-scaled.jpg\" class=\"attachment-full size-full\" alt=\"\" srcset=\"https:\/\/softskinshop.net\/wp-content\/uploads\/2022\/12\/ABOUT-US-scaled.jpg 2560w, https:\/\/softskinshop.net\/wp-content\/uploads\/2022\/12\/ABOUT-US-300x64.jpg 300w, https:\/\/softskinshop.net\/wp-content\/uploads\/2022\/12\/ABOUT-US-1024x219.jpg 1024w, https:\/\/softskinshop.net\/wp-content\/uploads\/2022\/12\/ABOUT-US-768x164.jpg 768w, https:\/\/softskinshop.net\/wp-content\/uploads\/2022\/12\/ABOUT-US-1536x328.jpg 1536w, https:\/\/softskinshop.net\/wp-content\/uploads\/2022\/12\/ABOUT-US-600x128.jpg 600w\" sizes=\"(max-width: 2560px) 100vw, 2560px\" \/>                        <\/div>\n<\/div>\t\t<\/div>\n\t\t\t\t<\/div>\n\t\t\t\t\t<\/div>\n\t\t<\/div>\n\t\t\t\t\t<\/div>\n\t\t<\/section>\n\t\t\t\t<section class=\"elementor-section elementor-top-section elementor-element elementor-element-c93b11c elementor-section-boxed elementor-section-height-default elementor-section-height-default mkdf-parallax-row-no mkdf-content-aligment-left mkdf-row-grid-no mkdf-disabled-bg-image-bellow-no\" data-id=\"c93b11c\" data-element_type=\"section\" data-settings=\"{&quot;background_background&quot;:&quot;classic&quot;}\">\n\t\t\t\t\t\t<div class=\"elementor-container elementor-column-gap-default\">\n\t\t\t\t\t<div class=\"elementor-column elementor-col-33 elementor-top-column elementor-element elementor-element-444d301\" data-id=\"444d301\" data-element_type=\"column\">\n\t\t\t<div class=\"elementor-widget-wrap\">\n\t\t\t\t\t\t\t<\/div>\n\t\t<\/div>\n\t\t\t\t<div class=\"elementor-column elementor-col-33 elementor-top-column elementor-element elementor-element-a04cd25\" data-id=\"a04cd25\" data-element_type=\"column\" data-settings=\"{&quot;background_background&quot;:&quot;classic&quot;}\">\n\t\t\t<div class=\"elementor-widget-wrap elementor-element-populated\">\n\t\t\t\t\t\t<div class=\"elementor-element elementor-element-473d6da elementor-widget elementor-widget-mkdf_section_title\" data-id=\"473d6da\" data-element_type=\"widget\" data-widget_type=\"mkdf_section_title.default\">\n\t\t\t\t<div class=\"elementor-widget-container\">\n\t\t\t<div class=\"mkdf-section-title-holder  mkdf-st-top-tagline-position mkdf-st-center-position\" style=\"text-align: center\">\n\t<div class=\"mkdf-st-inner\">\n\t\t\t\t\t\t\t<span class=\"mkdf-st-tagline\" style=\"color: #E5E5E5;margin-bottom: 0px\">\n\t\t\t\tsoftskin veikals\t\t\t<\/span>\n\t\t\t\t\t\t\t<h2 class=\"mkdf-st-title\" >\n\t\t\t\tVISU SP\u0112C\u012aG\u0100K\u0100 M\u016aZA IR M\u016aSU PA\u0160U IEK\u0160\u0112JAIS SKAISTUMS.\t\t\t<\/h2>\n\t\t\t\t\t\t\t\t\t<p class=\"mkdf-st-text\" style=\"line-height: 20px;margin-top: 12px\">\n\t\t\t\tK\u0101p\u0113c korejie\u0161u kosm\u0113tika. Atbilde ir vienk\u0101r\u0161a, katra sieviete v\u0113las izskat\u012bties skaista un kopta, un ar pla\u0161o korejie\u0161u kosm\u0113tikas produktu kl\u0101stu tas ir viegli izdar\u0101ms. Korejas kosm\u0113tika ir rad\u012bjusi satraukumu pasaules skaistumkop\u0161anas tirg\u016b, pateicoties sast\u0101v\u0101 iek\u013cautaj\u0101m neparastaj\u0101m sast\u0101vda\u013c\u0101m: glieme\u017eu muc\u012bns, \u010d\u016bsku inde, dabiskais kolag\u0113ns utt. Korejas kosm\u0113tiku var raksturot \u0161\u0101di: augsta kvalit\u0101te + pie\u0146emama cena + neparasts form\u0101ts + past\u0101v\u012bgi jaunin\u0101jumi un eksperimenti. Detaliz\u0113ti izp\u0113tot Korejas kosm\u0113tikas tirgu, m\u0113s nol\u0113m\u0101m atv\u0113rt savu tie\u0161saistes veikalu, lai r\u016bp\u0113tos par m\u016bsu sieviet\u0113m, kuras var ieg\u0101d\u0101ties ori\u0123in\u0101lo un lab\u0101ko korejie\u0161u kosm\u0113tiku par pievilc\u012bgu cenu m\u016bsu vietn\u0113.\t\t\t<\/p>\n\t\t\t\t\t\t\t\t\t<\/div>\n<\/div>\t\t<\/div>\n\t\t\t\t<\/div>\n\t\t\t\t\t<\/div>\n\t\t<\/div>\n\t\t\t\t<div class=\"elementor-column elementor-col-33 elementor-top-column elementor-element elementor-element-3798bfa\" data-id=\"3798bfa\" data-element_type=\"column\">\n\t\t\t<div class=\"elementor-widget-wrap\">\n\t\t\t\t\t\t\t<\/div>\n\t\t<\/div>\n\t\t\t\t\t<\/div>\n\t\t<\/section>\n\t\t\t\t<section class=\"elementor-section elementor-top-section elementor-element elementor-element-7a66d9d elementor-section-full_width elementor-hidden-desktop elementor-hidden-tablet elementor-hidden-mobile elementor-section-height-default elementor-section-height-default mkdf-parallax-row-no mkdf-content-aligment-left mkdf-row-grid-no mkdf-disabled-bg-image-bellow-no\" data-id=\"7a66d9d\" data-element_type=\"section\" data-settings=\"{&quot;background_background&quot;:&quot;classic&quot;}\">\n\t\t\t\t\t\t<div class=\"elementor-container elementor-column-gap-default\">\n\t\t\t\t\t<div class=\"elementor-column elementor-col-100 elementor-top-column elementor-element elementor-element-8fbd2b3\" data-id=\"8fbd2b3\" data-element_type=\"column\">\n\t\t\t<div class=\"elementor-widget-wrap elementor-element-populated\">\n\t\t\t\t\t\t<div class=\"elementor-element elementor-element-52173f4 elementor-widget elementor-widget-mkdf_clients_carousel\" data-id=\"52173f4\" data-element_type=\"widget\" data-widget_type=\"mkdf_clients_carousel.default\">\n\t\t\t\t<div class=\"elementor-widget-container\">\n\t\t\t\r\n        <div class=\"mkdf-clients-carousel-holder mkdf-cc-hover-no-animation\">\r\n            <div class=\"mkdf-cc-inner mkdf-owl-slider\" data-number-of-items=\"8\" data-enable-loop=\"yes\" data-enable-autoplay=\"yes\" data-slider-speed=\"5000\" data-slider-speed-animation=\"600\" data-enable-navigation=\"no\" data-enable-pagination=\"no\">\r\n                <div class=\"mkdf-cc-item mkdf-item-space mkdf-cci-has-link\">\r\n        <a itemprop=\"url\" class=\"mkdf-cc-link mkdf-block-drag-link\" href=\"#\" target=\"_self\">\r\n                            <img decoding=\"async\" itemprop=\"image\" class=\"mkdf-cc-image\" src=\"https:\/\/softskinshop.net\/wp-content\/uploads\/2019\/07\/m-h-client-1-1.png\" alt=\"m\" \/>\r\n                            <img decoding=\"async\" itemprop=\"image\" class=\"mkdf-cc-hover-image\" src=\"https:\/\/softskinshop.net\/wp-content\/uploads\/2019\/07\/m-h-client-h1-1.png\" alt=\"m\" \/>\r\n                    <\/a>\r\n<\/div><div class=\"mkdf-cc-item mkdf-item-space mkdf-cci-has-link\">\r\n        <a itemprop=\"url\" class=\"mkdf-cc-link mkdf-block-drag-link\" href=\"#\" target=\"_self\">\r\n                            <img decoding=\"async\" itemprop=\"image\" class=\"mkdf-cc-image\" src=\"https:\/\/softskinshop.net\/wp-content\/uploads\/2019\/07\/m-h-client-2-1.png\" alt=\"m\" \/>\r\n                            <img decoding=\"async\" itemprop=\"image\" class=\"mkdf-cc-hover-image\" src=\"https:\/\/softskinshop.net\/wp-content\/uploads\/2019\/07\/m-h-client-h2-1.png\" alt=\"m\" \/>\r\n                    <\/a>\r\n<\/div><div class=\"mkdf-cc-item mkdf-item-space mkdf-cci-has-link\">\r\n        <a itemprop=\"url\" class=\"mkdf-cc-link mkdf-block-drag-link\" href=\"#\" target=\"_self\">\r\n                            <img decoding=\"async\" itemprop=\"image\" class=\"mkdf-cc-image\" src=\"https:\/\/softskinshop.net\/wp-content\/uploads\/2019\/07\/m-h-client-3-1.png\" alt=\"m\" \/>\r\n                            <img decoding=\"async\" itemprop=\"image\" class=\"mkdf-cc-hover-image\" src=\"https:\/\/softskinshop.net\/wp-content\/uploads\/2019\/07\/m-h-client-h3-1.png\" alt=\"m\" \/>\r\n                    <\/a>\r\n<\/div><div class=\"mkdf-cc-item mkdf-item-space mkdf-cci-has-link\">\r\n        <a itemprop=\"url\" class=\"mkdf-cc-link mkdf-block-drag-link\" href=\"#\" target=\"_self\">\r\n                            <img decoding=\"async\" itemprop=\"image\" class=\"mkdf-cc-image\" src=\"\" alt=\"\" \/>\r\n                            <img decoding=\"async\" itemprop=\"image\" class=\"mkdf-cc-hover-image\" src=\"https:\/\/softskinshop.net\/wp-content\/uploads\/2019\/08\/m-h-client-h4-1.png\" alt=\"m\" \/>\r\n                    <\/a>\r\n<\/div><div class=\"mkdf-cc-item mkdf-item-space mkdf-cci-has-link\">\r\n        <a itemprop=\"url\" class=\"mkdf-cc-link mkdf-block-drag-link\" href=\"#\" target=\"_self\">\r\n                            <img decoding=\"async\" itemprop=\"image\" class=\"mkdf-cc-image\" src=\"https:\/\/softskinshop.net\/wp-content\/uploads\/2019\/08\/m-h-client-5-1.png\" alt=\"m\" \/>\r\n                            <img decoding=\"async\" itemprop=\"image\" class=\"mkdf-cc-hover-image\" src=\"https:\/\/softskinshop.net\/wp-content\/uploads\/2019\/08\/m-h-client-h5-1.png\" alt=\"m\" \/>\r\n                    <\/a>\r\n<\/div><div class=\"mkdf-cc-item mkdf-item-space mkdf-cci-has-link\">\r\n        <a itemprop=\"url\" class=\"mkdf-cc-link mkdf-block-drag-link\" href=\"#\" target=\"_self\">\r\n                            <img decoding=\"async\" itemprop=\"image\" class=\"mkdf-cc-image\" src=\"https:\/\/softskinshop.net\/wp-content\/uploads\/2019\/08\/m-h-client-6-1.png\" alt=\"m\" \/>\r\n                            <img decoding=\"async\" itemprop=\"image\" class=\"mkdf-cc-hover-image\" src=\"https:\/\/softskinshop.net\/wp-content\/uploads\/2019\/08\/m-h-client-h6-1.png\" alt=\"m\" \/>\r\n                    <\/a>\r\n<\/div><div class=\"mkdf-cc-item mkdf-item-space mkdf-cci-has-link\">\r\n        <a itemprop=\"url\" class=\"mkdf-cc-link mkdf-block-drag-link\" href=\"#\" target=\"_self\">\r\n                            <img decoding=\"async\" itemprop=\"image\" class=\"mkdf-cc-image\" src=\"https:\/\/softskinshop.net\/wp-content\/uploads\/2019\/08\/m-h-client-7-1.png\" alt=\"m\" \/>\r\n                            <img decoding=\"async\" itemprop=\"image\" class=\"mkdf-cc-hover-image\" src=\"https:\/\/softskinshop.net\/wp-content\/uploads\/2019\/08\/m-h-client-h7-1.png\" alt=\"m\" \/>\r\n                    <\/a>\r\n<\/div><div class=\"mkdf-cc-item mkdf-item-space mkdf-cci-has-link\">\r\n        <a itemprop=\"url\" class=\"mkdf-cc-link mkdf-block-drag-link\" href=\"#\" target=\"_self\">\r\n                            <img decoding=\"async\" itemprop=\"image\" class=\"mkdf-cc-image\" src=\"https:\/\/softskinshop.net\/wp-content\/uploads\/2019\/08\/m-h-client-8-1.png\" alt=\"m\" \/>\r\n                            <img decoding=\"async\" itemprop=\"image\" class=\"mkdf-cc-hover-image\" src=\"https:\/\/softskinshop.net\/wp-content\/uploads\/2019\/08\/m-h-client-h8-1.png\" alt=\"m\" \/>\r\n                    <\/a>\r\n<\/div>            <\/div>\r\n        <\/div>\r\n\r\n        \t\t<\/div>\n\t\t\t\t<\/div>\n\t\t\t\t\t<\/div>\n\t\t<\/div>\n\t\t\t\t\t<\/div>\n\t\t<\/section>\n\t\t\t\t<\/div>","protected":false},"excerpt":{"rendered":"<p>softskinshop Vissp\u0113c\u012bg\u0101k\u0101 M\u016aZA NO VISIEM IR M\u016aSU IEDZ\u012aVOT\u0100 KR\u0100SA. K\u0101p\u0113c Korejas kosm\u0113tika. Atbilde ir vienk\u0101r\u0161a - ikviena sieviete v\u0113las izskat\u012bties skaista un kopta, un, pateicoties pla\u0161ajam korejie\u0161u kosm\u0113tikas produktu kl\u0101stam, to ir viegli izdar\u012bt.<\/p>","protected":false},"author":1,"featured_media":0,"parent":0,"menu_order":0,"comment_status":"closed","ping_status":"closed","template":"full-width.php","meta":{"om_disable_all_campaigns":false,"_monsterinsights_skip_tracking":false,"_monsterinsights_sitenote_active":false,"_monsterinsights_sitenote_note":"","_monsterinsights_sitenote_category":0,"footnotes":""},"aioseo_notices":[],"_links":{"self":[{"href":"https:\/\/softskinshop.net\/lv\/wp-json\/wp\/v2\/pages\/1307"}],"collection":[{"href":"https:\/\/softskinshop.net\/lv\/wp-json\/wp\/v2\/pages"}],"about":[{"href":"https:\/\/softskinshop.net\/lv\/wp-json\/wp\/v2\/types\/page"}],"author":[{"embeddable":true,"href":"https:\/\/softskinshop.net\/lv\/wp-json\/wp\/v2\/users\/1"}],"replies":[{"embeddable":true,"href":"https:\/\/softskinshop.net\/lv\/wp-json\/wp\/v2\/comments?post=1307"}],"version-history":[{"count":13,"href":"https:\/\/softskinshop.net\/lv\/wp-json\/wp\/v2\/pages\/1307\/revisions"}],"predecessor-version":[{"id":5591,"href":"https:\/\/softskinshop.net\/lv\/wp-json\/wp\/v2\/pages\/1307\/revisions\/5591"}],"wp:attachment":[{"href":"https:\/\/softskinshop.net\/lv\/wp-json\/wp\/v2\/media?parent=1307"}],"curies":[{"name":"wp","href":"https:\/\/api.w.org\/{rel}","templated":true}]}}